{"id":78,"date":"2017-03-11T13:39:00","date_gmt":"2017-03-11T13:39:00","guid":{"rendered":"http:\/\/muslimerforfred.org\/sv\/?page_id=78"},"modified":"2019-04-09T13:22:53","modified_gmt":"2019-04-09T12:22:53","slug":"kontakta-oss","status":"publish","type":"page","link":"https:\/\/muslimerforfred.org\/sv\/kontakta-oss\/","title":{"rendered":"Kontakta oss"},"content":{"rendered":"<div data-label=\"Contact\" data-id=\"contact--2\" data-export-id=\"contact-7\" data-category=\"contact\" class=\"contact-7 content-section content-section-spacing white-text\" data-parallax-depth=\"20\" id=\"contact-2\"  style=\"background-color: rgba(255, 255, 255, 0); background-image: none; background-size: cover; background-position: center top;\" data-section-ov=\"1\"><div class=\"gridContainer\" ><div data-section-title-area=\"true\" class=\"row text-center\" >   <div class=\"section-title-col\" data-type=\"column\" >       <h2 class=\"\" ><span style=\"color: rgb(0, 0, 0);\" >Kontakta oss<\/span><\/h2>       <p class=\"lead\" ><span style=\"color: rgb(0, 0, 0);\" >V\u00e4nligen fyll i kontaktformul\u00e4ret s\u00e5 h\u00f6r vi av oss till dig.<\/span><\/p>   <\/div><\/div> <div class=\"row text-center\" ><div class=\"col-xs-12\" > <div class=\"card no-padding\" ><div class=\"row\" > <div class=\"col-xs-12 col-sm-6 contact-form-wrapper inline-info shadow-medium\" ><h2 class=\"text-center font-300 color-black\" >Kontaktformul\u00e4r<\/h2> <div class=\"\" data-content-shortcode=\"mesmerize_contact_form shortcode=&quot;wpforms id=&amp;amp;quot;16061&amp;amp;quot; title=&amp;amp;quot;false&amp;amp;quot; description=&amp;amp;quot;false&amp;amp;quot;&quot;\" data-editable=\"true\" ><div class=\"wpforms-container wpforms-container-full\" id=\"wpforms-16061\"><form id=\"wpforms-form-16061\" class=\"wpforms-validate wpforms-form\" data-formid=\"16061\" method=\"post\" enctype=\"multipart\/form-data\" action=\"\/sv\/wp-json\/wp\/v2\/pages\/78\" data-token=\"9a7e1be893a46205330dd7c731247913\" data-token-time=\"1776821097\"><noscript class=\"wpforms-error-noscript\">Aktivera JavaScript i din webbl\u00e4sare f\u00f6r att fylla i formul\u00e4ret.<\/noscript><div class=\"wpforms-field-container\"><div id=\"wpforms-16061-field_0-container\" class=\"wpforms-field wpforms-field-name\" data-field-id=\"0\"><label class=\"wpforms-field-label\" for=\"wpforms-16061-field_0\">Namn <span class=\"wpforms-required-label\">*<\/span><\/label><input type=\"text\" id=\"wpforms-16061-field_0\" class=\"wpforms-field-large wpforms-field-required\" name=\"wpforms[fields][0]\" placeholder=\"F\u00f6r- och efternamn\" required><\/div><div id=\"wpforms-16061-field_1-container\" class=\"wpforms-field wpforms-field-email\" data-field-id=\"1\"><label class=\"wpforms-field-label\" for=\"wpforms-16061-field_1\">E-post <span class=\"wpforms-required-label\">*<\/span><\/label><input type=\"email\" id=\"wpforms-16061-field_1\" class=\"wpforms-field-large wpforms-field-required\" name=\"wpforms[fields][1]\" spellcheck=\"false\" required><\/div><div id=\"wpforms-16061-field_2-container\" class=\"wpforms-field wpforms-field-textarea\" data-field-id=\"2\"><label class=\"wpforms-field-label\" for=\"wpforms-16061-field_2\">Meddelande <span class=\"wpforms-required-label\">*<\/span><\/label><textarea id=\"wpforms-16061-field_2\" class=\"wpforms-field-large wpforms-field-required\" name=\"wpforms[fields][2]\" placeholder=\"Skriv ditt meddelande h\u00e4r...\" required><\/textarea><\/div><\/div><!-- .wpforms-field-container --><div class=\"wpforms-field wpforms-field-hp\"><label for=\"wpforms-16061-field-hp\" class=\"wpforms-field-label\">Website<\/label><input type=\"text\" name=\"wpforms[hp]\" id=\"wpforms-16061-field-hp\" class=\"wpforms-field-medium\"><\/div><div class=\"wpforms-submit-container\" ><input type=\"hidden\" name=\"wpforms[id]\" value=\"16061\"><input type=\"hidden\" name=\"page_title\" value=\"\"><input type=\"hidden\" name=\"page_url\" value=\"https:\/\/muslimerforfred.org\/sv\/wp-json\/wp\/v2\/pages\/78\"><input type=\"hidden\" name=\"url_referer\" value=\"\"><button type=\"submit\" name=\"wpforms[submit]\" id=\"wpforms-submit-16061\" class=\"wpforms-submit button color1\" data-alt-text=\"Skickar...\" data-submit-text=\"Skicka\" aria-live=\"assertive\" value=\"wpforms-submit\">Skicka<\/button><\/div><\/form><\/div>  <!-- .wpforms-container --><\/div><\/div> <div class=\"col-xs-12 col-sm-6 map-col\" ><div data-content-shortcode=\"mesmerize_maps address=&quot;Dalslandsgatan 2, 118 58 Stockholm&quot; zoom=&quot;65&quot; lng=&quot;18.073902&quot; lat=&quot;59.308875&quot;\" data-editable=\"true\" class=\"map-wrapper\" >        <div class=\"mesmerize-google-maps\" style=\"width:100%\">\n            <iframe style=\"width:100%; height:100%;min-height:inherit;display:block;\" src=\"https:\/\/maps.google.com\/maps?q=Dalslandsgatan+2%2C+118+58+Stockholm&#038;z=14&#038;output=embed&#038;iwloc=near&#038;ll=59.308875,18.073902\"><\/iframe>\n        <\/div>\n    <\/div><\/div> <\/div><\/div> <\/div><\/div> <\/div><\/div>","protected":false},"excerpt":{"rendered":"<p>Kontakta oss V\u00e4nligen fyll i kontaktformul\u00e4ret s\u00e5 h\u00f6r vi av oss till dig. Kontaktformul\u00e4r<\/p>\n","protected":false},"author":1,"featured_media":0,"parent":0,"menu_order":0,"comment_status":"closed","ping_status":"closed","template":"pro\/page-templates\/full-width-page.php","meta":{"jetpack_post_was_ever_published":false,"footnotes":""},"class_list":["post-78","page","type-page","status-publish","hentry"],"jetpack_sharing_enabled":true,"jetpack_shortlink":"https:\/\/wp.me\/PaU9CB-1g","_links":{"self":[{"href":"https:\/\/muslimerforfred.org\/sv\/wp-json\/wp\/v2\/pages\/78","targetHints":{"allow":["GET"]}}],"collection":[{"href":"https:\/\/muslimerforfred.org\/sv\/wp-json\/wp\/v2\/pages"}],"about":[{"href":"https:\/\/muslimerforfred.org\/sv\/wp-json\/wp\/v2\/types\/page"}],"author":[{"embeddable":true,"href":"https:\/\/muslimerforfred.org\/sv\/wp-json\/wp\/v2\/users\/1"}],"replies":[{"embeddable":true,"href":"https:\/\/muslimerforfred.org\/sv\/wp-json\/wp\/v2\/comments?post=78"}],"version-history":[{"count":6,"href":"https:\/\/muslimerforfred.org\/sv\/wp-json\/wp\/v2\/pages\/78\/revisions"}],"predecessor-version":[{"id":16063,"href":"https:\/\/muslimerforfred.org\/sv\/wp-json\/wp\/v2\/pages\/78\/revisions\/16063"}],"wp:attachment":[{"href":"https:\/\/muslimerforfred.org\/sv\/wp-json\/wp\/v2\/media?parent=78"}],"curies":[{"name":"wp","href":"https:\/\/api.w.org\/{rel}","templated":true}]}}