{"id":743,"date":"2018-07-03T10:22:33","date_gmt":"2018-07-03T10:22:33","guid":{"rendered":"http:\/\/appsel.selena-work.cloud-press.net\/?page_id=605"},"modified":"2026-02-22T05:59:05","modified_gmt":"2026-02-22T04:59:05","slug":"bli-medlem","status":"publish","type":"page","link":"https:\/\/muslimerforfred.org\/sv\/bli-medlem\/","title":{"rendered":"Bli medlem"},"content":{"rendered":"<div  data-label=\"Content\" data-id=\"content--1\" data-export-id=\"content-19\" data-category=\"content\" class=\"content-19 content-section content-section-spacing white-text\" id=\"content-1\" style=\"background-image: none; background-color: rgba(255, 255, 255, 0);\">\n<div  class=\"gridContainer\">\n<div  class=\"row\">\n<div  data-type=\"column\" class=\"col-sm-6 content-col text-center content-section-spacing shadow\">\n\n<i  class=\"fa icon fa-drivers-license big color1\"><\/i>\n<h2  class=\"font-300\">Bli medlem<\/h2>\n<p  class=\"black\"><span  style=\"color: #000000;\">Du \u00e4r precis p\u00e5 v\u00e4g att ta ett viktigt steg!<\/span><\/p>\n<p  class=\"\"><span  style=\"color: #000000;\">Klicka p\u00e5 knappen f\u00f6r att fylla i din medlemsans\u00f6kan i formul\u00e4ret. Ditt medlemskap g\u00e4ller i ett \u00e5r och beh\u00f6ver f\u00f6rnyas \u00e5rligen.<\/span><\/p>\n<a  href=\"https:\/\/forms.office.com\/e\/9SDAgjTkPU\" class=\"button color3 round\" target=\"_blank\" data-cp-link=\"1\" data-icon=\"\" rel=\"noopener noreferrer\">Bli medlem<\/a>\n<p  class=\"\"><span  style=\"color: #000000;\">Klicka <a  href=\"..\/wp-content\/uploads\/2019\/05\/180522-Integritetspolicy.pdf\" target=\"_blank\" rel=\"noopener noreferrer\" data-cp-link=\"1\" class=\"\">h\u00e4r<\/a> f\u00f6r att l\u00e4sa v\u00e5r integritetspolicy.<\/span><a  href=\"..\/wp-content\/uploads\/2019\/05\/180522-Integritetspolicy.pdf\" target=\"_self\" data-cp-link=\"1\" rel=\"noopener noreferrer\" class=\"\"><\/a><\/p>\n\n<\/div>\n<div  class=\"col-sm-5 flexbox-strech center-xs middle-xs no-gutter-col\">\n<div  class=\"flexbox middle-xs center-xs right-img\" data-bg=\"image\" style=\"background-image: url('http:\/\/muslimerforfred.org\/sv\/wp-content\/uploads\/2018\/08\/cropped-39846612_2196728780419577_944095977017442304_n.jpg');\"><\/div>\n<\/div>\n<\/div>\n<\/div>\n<\/div><!-- Created with Elementor -->","protected":false},"excerpt":{"rendered":"<p>Bli medlem Du \u00e4r precis p\u00e5 v\u00e4g att ta ett viktigt steg! Klicka p\u00e5 knappen f\u00f6r att fylla i din medlemsans\u00f6kan i formul\u00e4ret. Ditt medlemskap g\u00e4ller i ett \u00e5r och beh\u00f6ver f\u00f6rnyas \u00e5rligen. Bli medlem Klicka h\u00e4r f\u00f6r att l\u00e4sa v\u00e5r integritetspolicy.<\/p>\n","protected":false},"author":1,"featured_media":0,"parent":0,"menu_order":0,"comment_status":"closed","ping_status":"closed","template":"pro\/page-templates\/full-width-page.php","meta":{"jetpack_post_was_ever_published":false,"footnotes":""},"class_list":["post-743","page","type-page","status-publish","hentry"],"jetpack_sharing_enabled":true,"jetpack_shortlink":"https:\/\/wp.me\/PaU9CB-bZ","_links":{"self":[{"href":"https:\/\/muslimerforfred.org\/sv\/wp-json\/wp\/v2\/pages\/743","targetHints":{"allow":["GET"]}}],"collection":[{"href":"https:\/\/muslimerforfred.org\/sv\/wp-json\/wp\/v2\/pages"}],"about":[{"href":"https:\/\/muslimerforfred.org\/sv\/wp-json\/wp\/v2\/types\/page"}],"author":[{"embeddable":true,"href":"https:\/\/muslimerforfred.org\/sv\/wp-json\/wp\/v2\/users\/1"}],"replies":[{"embeddable":true,"href":"https:\/\/muslimerforfred.org\/sv\/wp-json\/wp\/v2\/comments?post=743"}],"version-history":[{"count":26,"href":"https:\/\/muslimerforfred.org\/sv\/wp-json\/wp\/v2\/pages\/743\/revisions"}],"predecessor-version":[{"id":20475,"href":"https:\/\/muslimerforfred.org\/sv\/wp-json\/wp\/v2\/pages\/743\/revisions\/20475"}],"wp:attachment":[{"href":"https:\/\/muslimerforfred.org\/sv\/wp-json\/wp\/v2\/media?parent=743"}],"curies":[{"name":"wp","href":"https:\/\/api.w.org\/{rel}","templated":true}]}}