{"id":71,"date":"2015-04-09T22:00:00","date_gmt":"2015-04-09T22:00:00","guid":{"rendered":"http:\/\/muslimerforfred.org\/sv\/smfrs-religiosa-rad\/"},"modified":"2024-11-27T12:05:05","modified_gmt":"2024-11-27T11:05:05","slug":"smfrs-religiosa-rad","status":"publish","type":"page","link":"https:\/\/muslimerforfred.org\/sv\/organisationsnivaer\/smfrs-religiosa-rad\/","title":{"rendered":"Religi\u00f6sa r\u00e5det"},"content":{"rendered":"\t\t<div data-elementor-type=\"wp-page\" data-elementor-id=\"71\" class=\"elementor elementor-71\" data-elementor-post-type=\"page\">\n\t\t\t\t\t\t<section class=\"elementor-section elementor-top-section elementor-element elementor-element-745327a3 elementor-section-boxed elementor-section-height-default elementor-section-height-default\" data-id=\"745327a3\" data-element_type=\"section\" data-e-type=\"section\">\n\t\t\t\t\t\t<div class=\"elementor-container elementor-column-gap-default\">\n\t\t\t\t\t<div class=\"elementor-column elementor-col-100 elementor-top-column elementor-element elementor-element-37a92b16\" data-id=\"37a92b16\" data-element_type=\"column\" data-e-type=\"column\">\n\t\t\t<div class=\"elementor-widget-wrap elementor-element-populated\">\n\t\t\t\t\t\t<div class=\"elementor-element elementor-element-473bf83d elementor-widget elementor-widget-text-editor\" data-id=\"473bf83d\" data-element_type=\"widget\" data-e-type=\"widget\" data-widget_type=\"text-editor.default\">\n\t\t\t\t<div class=\"elementor-widget-container\">\n\t\t\t\t\t\t\t\t\t<div data-label=\"Team\" data-id=\"team--1\" data-export-id=\"team-2\" data-category=\"team\" class=\"team-2 content-section content-section-spacing\" id=\"team-1\" style=\"background-color: rgba(255, 255, 255, 0); background-image: none;\">\n<div class=\"gridContainer\">\n<div class=\"row text-center\">\n<div class=\"section-title-col\" data-type=\"column\">\n<h2 class=\"\">Presentation av religi\u00f6sa r\u00e5det<\/h2>\n<p class=\"lead\" style=\"text-align: center;\">Det religi\u00f6sa r\u00e5det best\u00e5r av l\u00e4rda och kunniga inom olika omr\u00e5den av Islams vetenskaper.<\/p>\n<\/div>\n<\/div>\n<div class=\"row spaced-cols content-center-sm\" data-type=\"row\">\n<div class=\"col-sm-6 col-md-3\">\n<div class=\"card y-move no-padding bordered\">\n<p> <img decoding=\"async\" class=\"face\" src=\"http:\/\/muslimerforfred.org\/sv\/wp-content\/uploads\/2019\/04\/cropped-17634687_1895916587318811_3642449476146040723_n.jpg\" alt=\"\" title=\"cropped-17634687_1895916587318811_3642449476146040723_n.jpg\"> <\/p>\n<div data-type=\"column\" class=\"col-padding-small col-padding-small-xs description-container\">\n<h4 class=\"font-500\">Sheikh Salahuddin Barakat<\/h4>\n<p class=\"small\" style=\"font-style: italic;\">Grundare av Islamakademin<\/p>\n<div class=\"social-icons-group\" data-type=\"group\"> <a href=\"#\"><i class=\"gray fa icon fa-facebook-square small\"><\/i><\/a> <a href=\"#\"><i class=\"gray fa icon fa-twitter-square small\"><\/i><\/a> <a href=\"#\"><i class=\"gray fa icon fa-linkedin-square small\"><\/i><\/a> <a href=\"#\"><i class=\"gray fa icon fa-google-plus-square small\"><\/i><\/a><\/div>\n<\/div>\n<\/div>\n<\/div>\n<div class=\"col-sm-6 col-md-3\">\n<div class=\"card y-move no-padding bordered\">\n<p> <img decoding=\"async\" class=\"face\" src=\"http:\/\/muslimerforfred.org\/sv\/wp-content\/uploads\/2019\/04\/cropped-221453_102977083183599_1854369953_o.jpg\" alt=\"\" title=\"cropped-221453_102977083183599_1854369953_o.jpg\"> <\/p>\n<div data-type=\"column\" class=\"col-padding-small col-padding-small-xs description-container\">\n<h4 class=\"font-500\">Ass. Pr. Dr. Wan Suhaimi Wan Abdullah<\/h4>\n<p class=\"small\" style=\"font-style: italic;\">Direkt\u00f6r Center for Advanced Studies in Islam, Science and Civilisation<br><\/p>\n<div class=\"social-icons-group\" data-type=\"group\"> <a href=\"#\"><i class=\"gray fa icon fa-facebook-square small\"><\/i><\/a> <a href=\"#\"><i class=\"gray fa icon fa-twitter-square small\"><\/i><\/a> <a href=\"#\"><i class=\"gray fa icon fa-linkedin-square small\"><\/i><\/a> <a href=\"#\"><i class=\"gray fa icon fa-google-plus-square small\"><\/i><\/a><\/div>\n<\/div>\n<\/div>\n<\/div>\n<div class=\"col-sm-6 col-md-3\">\n<div class=\"card y-move no-padding bordered\">\n<p> <img decoding=\"async\" class=\"face\" src=\"http:\/\/muslimerforfred.org\/sv\/wp-content\/uploads\/2019\/03\/cropped-background-inner2-3-4.jpg\" alt=\"\" title=\"cropped-background-inner2-3-4.jpg\"> <\/p>\n<div data-type=\"column\" class=\"col-padding-small col-padding-small-xs description-container\">\n<h4 class=\"font-500\">Pr. Dr. Fakhrudin Mokhtar<\/h4>\n<p class=\"small\" style=\"font-style: italic;\">Rektor vid Insaniya College<\/p>\n<div class=\"social-icons-group\" data-type=\"group\"> <a href=\"#\"><i class=\"gray fa icon fa-facebook-square small\"><\/i><\/a> <a href=\"#\"><i class=\"gray fa icon fa-twitter-square small\"><\/i><\/a> <a href=\"#\"><i class=\"gray fa icon fa-linkedin-square small\"><\/i><\/a> <a href=\"#\"><i class=\"gray fa icon fa-google-plus-square small\"><\/i><\/a><\/div>\n<\/div>\n<\/div>\n<\/div>\n<div class=\"col-sm-6 col-md-3\">\n<div class=\"card y-move no-padding bordered\">\n<p> <img decoding=\"async\" class=\"face\" src=\"http:\/\/muslimerforfred.org\/sv\/wp-content\/uploads\/2019\/03\/cropped-background-inner2-3-2.jpg\" alt=\"\" title=\"cropped-background-inner2-3-2.jpg\"> <\/p>\n<div data-type=\"column\" class=\"col-padding-small col-padding-small-xs description-container\">\n<h4 class=\"font-500\">Ustadha Shiraf Sibaie<p><\/p>\n<p><br><span style=\"color: rgba(0, 0, 0, 0);\">\u2013<\/span><\/p>\n<\/h4>\n<p class=\"small\" style=\"font-style: italic;\">Grundare av Shiraf Academy<\/p>\n<div class=\"social-icons-group\" data-type=\"group\"> <a href=\"#\"><i class=\"gray fa icon fa-facebook-square small\"><\/i><\/a> <a href=\"#\"><i class=\"gray fa icon fa-twitter-square small\"><\/i><\/a> <a href=\"#\"><i class=\"gray fa icon fa-linkedin-square small\"><\/i><\/a> <a href=\"#\"><i class=\"gray fa icon fa-google-plus-square small\"><\/i><\/a><\/div>\n<\/div>\n<\/div>\n<\/div>\n<\/div>\n<\/div>\n<\/div>\n<div data-label=\"Cta\" data-id=\"cta--1\" data-export-id=\"cta-centered-section-grid\" data-category=\"cta\" class=\"cta-centered-section-grid content-section content-section-spacing-medium bg-color1 dark-text\" id=\"cta-1\" style=\"background-image: none; background-color: rgba(255, 255, 255, 0);\">\n<div class=\"gridContainer\">\n<div class=\"row text-center\">\n<div class=\"col-xs-12 col-sm-10 col-sm-offset-1 col-md-8 col-md-offset-2\" data-type=\"column\">\n<p class=\"\" style=\"text-align: left;\"><span style=\"color: rgb(0, 0, 0);\">Det religi\u00f6sa r\u00e5det b\u00f6rjade formas 2015 och best\u00e5r idag av Sheikh Salahuddin Barakat, Ass. Pr. Dr. Wan Suhaimi Wan Abdullah, Dr. Fakhrudin Mokhtar och Ustadha Shiraf Sibai.<br><br><br>&#8211; Salahuddin Barakat \u00e4r grundare Islamakademin och h\u00e5ller utbildningar och kurser inom Islams vetenskaper med utg\u00e5ngspunkt fr\u00e5n Malm\u00f6. Han undervisar i bland annat r\u00e4ttsl\u00e4ra [Fiqh] och trosl\u00e4ra [\u2019Aqida]. Idag leder och undervisar han det 4-\u00e5riga teologiprogrammet som Islamakademin erbjuder. Det riktar sig till studenter som vill f\u00f6rdjupa sig och \u00e4r intresserade av att p\u00e5 sikt kunna undervisa i de Islamiska vetenskaperna.<br><br>&#8211; Associate Professor Dr Wan Suhaimi Wan Abdullah \u00e4r verksam vid CASIS som \u00e4r kopplat till UTM (University of Technology Malaya) och \u00e4r en av grundarna av WISE Summercamp samt utbildningsorganisationen TADIB international.<br><br>&#8211; Dr Fakhrudin Mokhtar \u00e4r verksam i Malaysia och d\u00e4r han \u00e4r ordf\u00f6rande f\u00f6r Al Azhar Alumni Association, professor p\u00e5 University Malaya och rektor p\u00e5 Insaniya College.<\/span><br><br><span style=\"color: rgb(0, 0, 0);\">&#8211; Shiraf Sebaie \u00e4r grundare av Zidni institutet och Shiraf Academy, varav hon idag \u00e4r verksam inom den senast n\u00e4mnda och h\u00e5ller utbildningar och kurser i Stockholmsomr\u00e5det.<br><br><\/span><span style=\"color: rgb(0, 0, 0);\">Religi\u00f6sa r\u00e5det st\u00f6djer SMFR i religi\u00f6sa fr\u00e5gor och med kontakter bland l\u00e4rda s\u00e5v\u00e4l som specifik kunskap inom de religi\u00f6sa vetenskaperna samt h\u00e5ller i utbildningar och f\u00f6rel\u00e4sningar. Religi\u00f6sa r\u00e5det bist\u00e5r \u00e4ven SMFR i arbetet av f\u00f6rtroendevaldas utveckling och kunskap inom utbildning av islamisk teologi och juridik.<br><br><br>SMFR har ambitionen att h\u00f6ja niv\u00e5n av islamisk kunskap bland svenska muslimer.<\/span><\/p>\n<\/div>\n<\/div>\n<\/div>\n<\/div>\t\t\t\t\t\t\t\t<\/div>\n\t\t\t\t<\/div>\n\t\t\t\t\t<\/div>\n\t\t<\/div>\n\t\t\t\t\t<\/div>\n\t\t<\/section>\n\t\t\t\t<\/div>\n\t\t","protected":false},"excerpt":{"rendered":"<p>Presentation av religi\u00f6sa r\u00e5det Det religi\u00f6sa r\u00e5det best\u00e5r av l\u00e4rda och kunniga inom olika omr\u00e5den av Islams vetenskaper. Sheikh Salahuddin Barakat Grundare av Islamakademin Ass. Pr. Dr. Wan Suhaimi Wan Abdullah Direkt\u00f6r Center for Advanced Studies in Islam, Science and Civilisation Pr. Dr. Fakhrudin Mokhtar Rektor vid Insaniya College Ustadha Shiraf Sibaie \u2013 Grundare av&hellip; <br \/> <a class=\"read-more\" href=\"https:\/\/muslimerforfred.org\/sv\/organisationsnivaer\/smfrs-religiosa-rad\/\">L\u00e4s mer<\/a><\/p>\n","protected":false},"author":1,"featured_media":0,"parent":4774,"menu_order":0,"comment_status":"closed","ping_status":"closed","template":"pro\/page-templates\/full-width-page.php","meta":{"jetpack_post_was_ever_published":false,"footnotes":""},"class_list":["post-71","page","type-page","status-publish","hentry"],"jetpack_sharing_enabled":true,"jetpack_shortlink":"https:\/\/wp.me\/PaU9CB-19","_links":{"self":[{"href":"https:\/\/muslimerforfred.org\/sv\/wp-json\/wp\/v2\/pages\/71","targetHints":{"allow":["GET"]}}],"collection":[{"href":"https:\/\/muslimerforfred.org\/sv\/wp-json\/wp\/v2\/pages"}],"about":[{"href":"https:\/\/muslimerforfred.org\/sv\/wp-json\/wp\/v2\/types\/page"}],"author":[{"embeddable":true,"href":"https:\/\/muslimerforfred.org\/sv\/wp-json\/wp\/v2\/users\/1"}],"replies":[{"embeddable":true,"href":"https:\/\/muslimerforfred.org\/sv\/wp-json\/wp\/v2\/comments?post=71"}],"version-history":[{"count":13,"href":"https:\/\/muslimerforfred.org\/sv\/wp-json\/wp\/v2\/pages\/71\/revisions"}],"predecessor-version":[{"id":20355,"href":"https:\/\/muslimerforfred.org\/sv\/wp-json\/wp\/v2\/pages\/71\/revisions\/20355"}],"up":[{"embeddable":true,"href":"https:\/\/muslimerforfred.org\/sv\/wp-json\/wp\/v2\/pages\/4774"}],"wp:attachment":[{"href":"https:\/\/muslimerforfred.org\/sv\/wp-json\/wp\/v2\/media?parent=71"}],"curies":[{"name":"wp","href":"https:\/\/api.w.org\/{rel}","templated":true}]}}