{"id":57,"date":"2016-01-29T20:30:40","date_gmt":"2016-01-29T20:30:40","guid":{"rendered":"http:\/\/muslimerforfred.org\/sv\/publikationer\/"},"modified":"2021-01-17T00:00:24","modified_gmt":"2021-01-16T23:00:24","slug":"publikationer","status":"publish","type":"page","link":"https:\/\/muslimerforfred.org\/sv\/publikationer\/","title":{"rendered":"Publikationer"},"content":{"rendered":"\t\t<div data-elementor-type=\"wp-post\" data-elementor-id=\"57\" class=\"elementor elementor-57\" data-elementor-post-type=\"page\">\n\t\t\t\t\t\t<section class=\"elementor-section elementor-top-section elementor-element elementor-element-1a5efa1 elementor-section-boxed elementor-section-height-default elementor-section-height-default\" data-id=\"1a5efa1\" data-element_type=\"section\" data-e-type=\"section\">\n\t\t\t\t\t\t<div class=\"elementor-container elementor-column-gap-default\">\n\t\t\t\t\t<div class=\"elementor-column elementor-col-100 elementor-top-column elementor-element elementor-element-38f1543\" data-id=\"38f1543\" data-element_type=\"column\" data-e-type=\"column\">\n\t\t\t<div class=\"elementor-widget-wrap elementor-element-populated\">\n\t\t\t\t\t\t<div class=\"elementor-element elementor-element-b63c1f8 elementor-widget elementor-widget-text-editor\" data-id=\"b63c1f8\" data-element_type=\"widget\" data-e-type=\"widget\" data-widget_type=\"text-editor.default\">\n\t\t\t\t<div class=\"elementor-widget-container\">\n\t\t\t\t\t\t\t\t\t<p>Nedanst\u00e5ende \u00e4r publikationer som Muslimska Fredsr\u00f6relsen har tagit fram p\u00e5 uppdrag av samverkanspartner eller f\u00f6r att lansera vid event eller konferenser.<\/p>\t\t\t\t\t\t\t\t<\/div>\n\t\t\t\t<\/div>\n\t\t\t\t\t<\/div>\n\t\t<\/div>\n\t\t\t\t\t<\/div>\n\t\t<\/section>\n\t\t\t\t<section class=\"elementor-section elementor-top-section elementor-element elementor-element-c6de127 elementor-section-boxed elementor-section-height-default elementor-section-height-default\" data-id=\"c6de127\" data-element_type=\"section\" data-e-type=\"section\">\n\t\t\t\t\t\t<div class=\"elementor-container elementor-column-gap-default\">\n\t\t\t\t\t<div class=\"elementor-column elementor-col-33 elementor-top-column elementor-element elementor-element-180a183\" data-id=\"180a183\" data-element_type=\"column\" data-e-type=\"column\">\n\t\t\t<div class=\"elementor-widget-wrap elementor-element-populated\">\n\t\t\t\t\t\t<div class=\"elementor-element elementor-element-6aa3402 elementor-widget elementor-widget-text-editor\" data-id=\"6aa3402\" data-element_type=\"widget\" data-e-type=\"widget\" data-widget_type=\"text-editor.default\">\n\t\t\t\t<div class=\"elementor-widget-container\">\n\t\t\t\t\t\t\t\t\t<p style=\"text-align: center;\">Islam &amp; Demokrati<\/p>\t\t\t\t\t\t\t\t<\/div>\n\t\t\t\t<\/div>\n\t\t\t\t<div class=\"elementor-element elementor-element-68f0bb3 elementor-align-center elementor-widget elementor-widget-button\" data-id=\"68f0bb3\" data-element_type=\"widget\" data-e-type=\"widget\" data-widget_type=\"button.default\">\n\t\t\t\t<div class=\"elementor-widget-container\">\n\t\t\t\t\t\t\t\t\t<div class=\"elementor-button-wrapper\">\n\t\t\t\t\t<a class=\"elementor-button elementor-button-link elementor-size-sm\" href=\"https:\/\/muslimerforfred.org\/sv\/wp-content\/uploads\/2019\/04\/Islam-o-Demokrati.pdf\">\n\t\t\t\t\t\t<span class=\"elementor-button-content-wrapper\">\n\t\t\t\t\t\t<span class=\"elementor-button-icon\">\n\t\t\t\t\t\t\t\t\t<i class=\"fa fa-download\" aria-hidden=\"true\"><\/i>\n\t\t\t\t\t\t\t<\/span>\n\t\t\t\t\t\t\t\t\t<span class=\"elementor-button-text\">L\u00e4s<\/span>\n\t\t\t\t\t<\/span>\n\t\t\t\t\t<\/a>\n\t\t\t\t<\/div>\n\t\t\t\t\t\t\t\t<\/div>\n\t\t\t\t<\/div>\n\t\t\t\t\t<\/div>\n\t\t<\/div>\n\t\t\t\t<div class=\"elementor-column elementor-col-33 elementor-top-column elementor-element elementor-element-44b7dd8\" data-id=\"44b7dd8\" data-element_type=\"column\" data-e-type=\"column\">\n\t\t\t<div class=\"elementor-widget-wrap elementor-element-populated\">\n\t\t\t\t\t\t<div class=\"elementor-element elementor-element-d4a1aef elementor-widget elementor-widget-text-editor\" data-id=\"d4a1aef\" data-element_type=\"widget\" data-e-type=\"widget\" data-widget_type=\"text-editor.default\">\n\t\t\t\t<div class=\"elementor-widget-container\">\n\t\t\t\t\t\t\t\t\t<p style=\"text-align: center;\">F\u00f6rebyggande av v\u00e5ldsbejakande grupper som identifierar sig som muslimer och g\u00f6r anspr\u00e5k p\u00e5 islam<\/p>\t\t\t\t\t\t\t\t<\/div>\n\t\t\t\t<\/div>\n\t\t\t\t<div class=\"elementor-element elementor-element-49b25c0 elementor-align-center elementor-widget elementor-widget-button\" data-id=\"49b25c0\" data-element_type=\"widget\" data-e-type=\"widget\" data-widget_type=\"button.default\">\n\t\t\t\t<div class=\"elementor-widget-container\">\n\t\t\t\t\t\t\t\t\t<div class=\"elementor-button-wrapper\">\n\t\t\t\t\t<a class=\"elementor-button elementor-button-link elementor-size-sm\" href=\"https:\/\/muslimerforfred.org\/sv\/wp-content\/uploads\/2019\/04\/F\u00f6rslag-v\u00e5ldsbejakande-islamism.pdf\">\n\t\t\t\t\t\t<span class=\"elementor-button-content-wrapper\">\n\t\t\t\t\t\t<span class=\"elementor-button-icon\">\n\t\t\t\t\t\t\t\t\t<i class=\"fa fa-download\" aria-hidden=\"true\"><\/i>\n\t\t\t\t\t\t\t<\/span>\n\t\t\t\t\t\t\t\t\t<span class=\"elementor-button-text\">L\u00e4s<\/span>\n\t\t\t\t\t<\/span>\n\t\t\t\t\t<\/a>\n\t\t\t\t<\/div>\n\t\t\t\t\t\t\t\t<\/div>\n\t\t\t\t<\/div>\n\t\t\t\t\t<\/div>\n\t\t<\/div>\n\t\t\t\t<div class=\"elementor-column elementor-col-33 elementor-top-column elementor-element elementor-element-b9f1b3c\" data-id=\"b9f1b3c\" data-element_type=\"column\" data-e-type=\"column\">\n\t\t\t<div class=\"elementor-widget-wrap elementor-element-populated\">\n\t\t\t\t\t\t\t<\/div>\n\t\t<\/div>\n\t\t\t\t\t<\/div>\n\t\t<\/section>\n\t\t\t\t<\/div>\n\t\t","protected":false},"excerpt":{"rendered":"<p>Nedanst\u00e5ende \u00e4r publikationer som Muslimska Fredsr\u00f6relsen har tagit fram p\u00e5 uppdrag av samverkanspartner eller f\u00f6r att lansera vid event eller konferenser. Islam &amp; Demokrati L\u00e4s F\u00f6rebyggande av v\u00e5ldsbejakande grupper som identifierar sig som muslimer och g\u00f6r anspr\u00e5k p\u00e5 islam L\u00e4s<\/p>\n","protected":false},"author":1,"featured_media":0,"parent":0,"menu_order":0,"comment_status":"closed","ping_status":"closed","template":"","meta":{"jetpack_post_was_ever_published":false,"footnotes":""},"class_list":["post-57","page","type-page","status-publish","hentry"],"jetpack_sharing_enabled":true,"jetpack_shortlink":"https:\/\/wp.me\/PaU9CB-V","_links":{"self":[{"href":"https:\/\/muslimerforfred.org\/sv\/wp-json\/wp\/v2\/pages\/57","targetHints":{"allow":["GET"]}}],"collection":[{"href":"https:\/\/muslimerforfred.org\/sv\/wp-json\/wp\/v2\/pages"}],"about":[{"href":"https:\/\/muslimerforfred.org\/sv\/wp-json\/wp\/v2\/types\/page"}],"author":[{"embeddable":true,"href":"https:\/\/muslimerforfred.org\/sv\/wp-json\/wp\/v2\/users\/1"}],"replies":[{"embeddable":true,"href":"https:\/\/muslimerforfred.org\/sv\/wp-json\/wp\/v2\/comments?post=57"}],"version-history":[{"count":18,"href":"https:\/\/muslimerforfred.org\/sv\/wp-json\/wp\/v2\/pages\/57\/revisions"}],"predecessor-version":[{"id":19006,"href":"https:\/\/muslimerforfred.org\/sv\/wp-json\/wp\/v2\/pages\/57\/revisions\/19006"}],"wp:attachment":[{"href":"https:\/\/muslimerforfred.org\/sv\/wp-json\/wp\/v2\/media?parent=57"}],"curies":[{"name":"wp","href":"https:\/\/api.w.org\/{rel}","templated":true}]}}