{"id":51,"date":"2015-04-20T07:20:22","date_gmt":"2015-04-20T07:20:22","guid":{"rendered":"http:\/\/muslimerforfred.org\/sv\/gs-kansli\/"},"modified":"2024-08-28T09:43:52","modified_gmt":"2024-08-28T08:43:52","slug":"generalsekreterare","status":"publish","type":"page","link":"https:\/\/muslimerforfred.org\/sv\/kontakta-oss\/generalsekreterare\/","title":{"rendered":"Kansli"},"content":{"rendered":"\t\t<div data-elementor-type=\"wp-page\" data-elementor-id=\"51\" class=\"elementor elementor-51\" data-elementor-post-type=\"page\">\n\t\t\t\t\t\t<section class=\"elementor-section elementor-top-section elementor-element elementor-element-7c2b5d90 elementor-section-boxed elementor-section-height-default elementor-section-height-default\" data-id=\"7c2b5d90\" data-element_type=\"section\" data-e-type=\"section\">\n\t\t\t\t\t\t<div class=\"elementor-container elementor-column-gap-default\">\n\t\t\t\t\t<div class=\"elementor-column elementor-col-100 elementor-top-column elementor-element elementor-element-764e3632\" data-id=\"764e3632\" data-element_type=\"column\" data-e-type=\"column\">\n\t\t\t<div class=\"elementor-widget-wrap elementor-element-populated\">\n\t\t\t\t\t\t<div class=\"elementor-element elementor-element-140921e9 elementor-widget elementor-widget-text-editor\" data-id=\"140921e9\" data-element_type=\"widget\" data-e-type=\"widget\" data-widget_type=\"text-editor.default\">\n\t\t\t\t<div class=\"elementor-widget-container\">\n\t\t\t\t\t\t\t\t\t<h2>V\u00e5rt kansli<\/h2><p>F\u00f6r specifik kontakt med generalsekreterare eller annan medarbetare, v\u00e4nligen se kontaktuppgifterna nedan.<\/p><p>F\u00f6r att komma i kontakt med kansliet, v\u00e4nligen maila kansli@muslimerforfred.org eller fyll i v\u00e5rt kontaktformul\u00e4r.<\/p><p><a href=\"https:\/\/muslimerforfred.org\/sv\/kontakta-oss\" target=\"_self\" rel=\"noopener noreferrer\" data-cp-link=\"1\" data-icon=\"\">Kontaktformul\u00e4r<\/a><!-- Created with Elementor --><\/p>\t\t\t\t\t\t\t\t<\/div>\n\t\t\t\t<\/div>\n\t\t\t\t\t<\/div>\n\t\t<\/div>\n\t\t\t\t\t<\/div>\n\t\t<\/section>\n\t\t\t\t<section class=\"elementor-section elementor-top-section elementor-element elementor-element-6b42af6 elementor-section-boxed elementor-section-height-default elementor-section-height-default\" data-id=\"6b42af6\" data-element_type=\"section\" data-e-type=\"section\">\n\t\t\t\t\t\t<div class=\"elementor-container elementor-column-gap-default\">\n\t\t\t\t\t<div class=\"elementor-column elementor-col-100 elementor-top-column elementor-element elementor-element-e719dfd\" data-id=\"e719dfd\" data-element_type=\"column\" data-e-type=\"column\">\n\t\t\t<div class=\"elementor-widget-wrap\">\n\t\t\t\t\t\t\t<\/div>\n\t\t<\/div>\n\t\t\t\t\t<\/div>\n\t\t<\/section>\n\t\t\t\t<\/div>\n\t\t","protected":false},"excerpt":{"rendered":"<p>V\u00e5rt kansliF\u00f6r specifik kontakt med generalsekreterare eller annan medarbetare, v\u00e4nligen se kontaktuppgifterna nedan.F\u00f6r att komma i kontakt med kansliet, v\u00e4nligen maila kansli@muslimerforfred.org eller fyll i v\u00e5rt kontaktformul\u00e4r.Kontaktformul\u00e4r<\/p>\n","protected":false},"author":1,"featured_media":0,"parent":78,"menu_order":0,"comment_status":"closed","ping_status":"closed","template":"","meta":{"jetpack_post_was_ever_published":false,"footnotes":""},"class_list":["post-51","page","type-page","status-publish","hentry"],"jetpack_sharing_enabled":true,"jetpack_shortlink":"https:\/\/wp.me\/PaU9CB-P","_links":{"self":[{"href":"https:\/\/muslimerforfred.org\/sv\/wp-json\/wp\/v2\/pages\/51","targetHints":{"allow":["GET"]}}],"collection":[{"href":"https:\/\/muslimerforfred.org\/sv\/wp-json\/wp\/v2\/pages"}],"about":[{"href":"https:\/\/muslimerforfred.org\/sv\/wp-json\/wp\/v2\/types\/page"}],"author":[{"embeddable":true,"href":"https:\/\/muslimerforfred.org\/sv\/wp-json\/wp\/v2\/users\/1"}],"replies":[{"embeddable":true,"href":"https:\/\/muslimerforfred.org\/sv\/wp-json\/wp\/v2\/comments?post=51"}],"version-history":[{"count":30,"href":"https:\/\/muslimerforfred.org\/sv\/wp-json\/wp\/v2\/pages\/51\/revisions"}],"predecessor-version":[{"id":20308,"href":"https:\/\/muslimerforfred.org\/sv\/wp-json\/wp\/v2\/pages\/51\/revisions\/20308"}],"up":[{"embeddable":true,"href":"https:\/\/muslimerforfred.org\/sv\/wp-json\/wp\/v2\/pages\/78"}],"wp:attachment":[{"href":"https:\/\/muslimerforfred.org\/sv\/wp-json\/wp\/v2\/media?parent=51"}],"curies":[{"name":"wp","href":"https:\/\/api.w.org\/{rel}","templated":true}]}}