{"id":37,"date":"2015-02-18T11:44:56","date_gmt":"2015-02-18T11:44:56","guid":{"rendered":"http:\/\/muslimerforfred.org\/sv\/forskning-och-studier-om-smfr\/"},"modified":"2019-04-10T02:20:40","modified_gmt":"2019-04-10T01:20:40","slug":"forskning-och-studier","status":"publish","type":"page","link":"https:\/\/muslimerforfred.org\/sv\/forskning-och-studier\/","title":{"rendered":"Forskning och studier"},"content":{"rendered":"\t\t<div data-elementor-type=\"wp-post\" data-elementor-id=\"37\" class=\"elementor elementor-37\" data-elementor-post-type=\"page\">\n\t\t\t\t\t\t<section class=\"elementor-section elementor-top-section elementor-element elementor-element-33ba746 elementor-section-boxed elementor-section-height-default elementor-section-height-default\" data-id=\"33ba746\" data-element_type=\"section\" data-e-type=\"section\">\n\t\t\t\t\t\t<div class=\"elementor-container elementor-column-gap-default\">\n\t\t\t\t\t<div class=\"elementor-column elementor-col-100 elementor-top-column elementor-element elementor-element-5f7b352\" data-id=\"5f7b352\" data-element_type=\"column\" data-e-type=\"column\">\n\t\t\t<div class=\"elementor-widget-wrap elementor-element-populated\">\n\t\t\t\t\t\t<div class=\"elementor-element elementor-element-ca4e8b4 elementor-widget elementor-widget-text-editor\" data-id=\"ca4e8b4\" data-element_type=\"widget\" data-e-type=\"widget\" data-widget_type=\"text-editor.default\">\n\t\t\t\t<div class=\"elementor-widget-container\">\n\t\t\t\t\t\t\t\t\t<p>Ta g\u00e4rna kontakt med oss om du \u00e4r intresserad av att g\u00f6ra forskning eller studier om SMFR oss eller v\u00e5ra verksamhetsomr\u00e5den du hittar v\u00e5ra kontaktuppgifter via l\u00e4nken kontakta i menyn.<\/p><p><strong><span style=\"color: #141823; font-family: Helvetica, Arial, 'lucida grande', tahoma, verdana, arial, sans-serif; font-size: 14px; line-height: 19px;\">Lenita T\u00f6rnings masterstudie om unga muslimers engagemang i SMFR.<\/span><\/strong><\/p>\t\t\t\t\t\t\t\t<\/div>\n\t\t\t\t<\/div>\n\t\t\t\t<div class=\"elementor-element elementor-element-f477e81 elementor-widget elementor-widget-button\" data-id=\"f477e81\" data-element_type=\"widget\" data-e-type=\"widget\" data-widget_type=\"button.default\">\n\t\t\t\t<div class=\"elementor-widget-container\">\n\t\t\t\t\t\t\t\t\t<div class=\"elementor-button-wrapper\">\n\t\t\t\t\t<a class=\"elementor-button elementor-button-link elementor-size-sm\" href=\"https:\/\/muslimerforfred.org\/sv\/wp-content\/uploads\/2019\/04\/Lenita-SMFR.pdf\">\n\t\t\t\t\t\t<span class=\"elementor-button-content-wrapper\">\n\t\t\t\t\t\t<span class=\"elementor-button-icon\">\n\t\t\t\t\t\t\t\t\t<i class=\"fa fa-download\" aria-hidden=\"true\"><\/i>\n\t\t\t\t\t\t\t<\/span>\n\t\t\t\t\t\t\t\t\t<span class=\"elementor-button-text\">L\u00e4s h\u00e4r<\/span>\n\t\t\t\t\t<\/span>\n\t\t\t\t\t<\/a>\n\t\t\t\t<\/div>\n\t\t\t\t\t\t\t\t<\/div>\n\t\t\t\t<\/div>\n\t\t\t\t\t<\/div>\n\t\t<\/div>\n\t\t\t\t\t<\/div>\n\t\t<\/section>\n\t\t\t\t<\/div>\n\t\t","protected":false},"excerpt":{"rendered":"<p>Ta g\u00e4rna kontakt med oss om du \u00e4r intresserad av att g\u00f6ra forskning eller studier om SMFR oss eller v\u00e5ra verksamhetsomr\u00e5den du hittar v\u00e5ra kontaktuppgifter via l\u00e4nken kontakta i menyn. Lenita T\u00f6rnings masterstudie om unga muslimers engagemang i SMFR. L\u00e4s h\u00e4r<\/p>\n","protected":false},"author":1,"featured_media":0,"parent":0,"menu_order":0,"comment_status":"closed","ping_status":"closed","template":"","meta":{"jetpack_post_was_ever_published":false,"footnotes":""},"class_list":["post-37","page","type-page","status-publish","hentry"],"jetpack_sharing_enabled":true,"jetpack_shortlink":"https:\/\/wp.me\/PaU9CB-B","_links":{"self":[{"href":"https:\/\/muslimerforfred.org\/sv\/wp-json\/wp\/v2\/pages\/37","targetHints":{"allow":["GET"]}}],"collection":[{"href":"https:\/\/muslimerforfred.org\/sv\/wp-json\/wp\/v2\/pages"}],"about":[{"href":"https:\/\/muslimerforfred.org\/sv\/wp-json\/wp\/v2\/types\/page"}],"author":[{"embeddable":true,"href":"https:\/\/muslimerforfred.org\/sv\/wp-json\/wp\/v2\/users\/1"}],"replies":[{"embeddable":true,"href":"https:\/\/muslimerforfred.org\/sv\/wp-json\/wp\/v2\/comments?post=37"}],"version-history":[{"count":2,"href":"https:\/\/muslimerforfred.org\/sv\/wp-json\/wp\/v2\/pages\/37\/revisions"}],"predecessor-version":[{"id":16409,"href":"https:\/\/muslimerforfred.org\/sv\/wp-json\/wp\/v2\/pages\/37\/revisions\/16409"}],"wp:attachment":[{"href":"https:\/\/muslimerforfred.org\/sv\/wp-json\/wp\/v2\/media?parent=37"}],"curies":[{"name":"wp","href":"https:\/\/api.w.org\/{rel}","templated":true}]}}