{"id":18340,"date":"2020-02-19T05:19:37","date_gmt":"2020-02-19T04:19:37","guid":{"rendered":"https:\/\/muslimerforfred.org\/sv\/?page_id=18340"},"modified":"2020-02-19T05:44:34","modified_gmt":"2020-02-19T04:44:34","slug":"donera","status":"publish","type":"page","link":"https:\/\/muslimerforfred.org\/sv\/donera\/","title":{"rendered":"Donera"},"content":{"rendered":"<div data-label=\"Content\" data-id=\"content--1\" data-export-id=\"content-19\" data-category=\"content\" class=\"content-19 content-section content-section-spacing white-text\" id=\"content-1\" ><div class=\"gridContainer\" > <div class=\"row\" ><div data-type=\"column\" class=\"col-sm-6 content-col text-center content-section-spacing shadow\" > <i class=\"fa icon fa-pagelines big color1\" ><\/i> <h2 class=\"font-300\" >Donera<\/h2> <p class=\"black\" ><span style=\"color: rgb(0, 0, 0);\" >Donera till Muslimska Freds<\/span><\/p> <p class=\"\" ><span style=\"color: rgb(0, 0, 0);\" >Genom din donation bidrar du till att vi kan forts\u00e4tta sprida v\u00e5r vision och bidra till ett b\u00e4ttre samh\u00e4lle.<\/span><\/p> <a href=\"https:\/\/donorbox.org\/donera-till-muslimska-freds\" class=\"button color3 round\"  target=\"_blank\" data-cp-link=\"1\" data-icon=\"\">Donera<\/a><\/div> <div class=\"col-sm-5 flexbox-strech center-xs middle-xs no-gutter-col\" ><div class=\"flexbox middle-xs center-xs right-img\" data-bg=\"image\"  style=\"background-image: url(&quot;https:\/\/muslimerforfred.org\/sv\/wp-content\/uploads\/2018\/08\/cropped-39846612_2196728780419577_944095977017442304_n-1.jpg&quot;);\"><\/div><\/div> <\/div><\/div> <\/div>","protected":false},"excerpt":{"rendered":"<p>Donera Donera till Muslimska Freds Genom din donation bidrar du till att vi kan forts\u00e4tta sprida v\u00e5r vision och bidra till ett b\u00e4ttre samh\u00e4lle. Donera<\/p>\n","protected":false},"author":1,"featured_media":0,"parent":0,"menu_order":0,"comment_status":"closed","ping_status":"closed","template":"pro\/page-templates\/full-width-page.php","meta":{"jetpack_post_was_ever_published":false,"footnotes":""},"class_list":["post-18340","page","type-page","status-publish","hentry"],"jetpack_sharing_enabled":true,"jetpack_shortlink":"https:\/\/wp.me\/PaU9CB-4LO","_links":{"self":[{"href":"https:\/\/muslimerforfred.org\/sv\/wp-json\/wp\/v2\/pages\/18340","targetHints":{"allow":["GET"]}}],"collection":[{"href":"https:\/\/muslimerforfred.org\/sv\/wp-json\/wp\/v2\/pages"}],"about":[{"href":"https:\/\/muslimerforfred.org\/sv\/wp-json\/wp\/v2\/types\/page"}],"author":[{"embeddable":true,"href":"https:\/\/muslimerforfred.org\/sv\/wp-json\/wp\/v2\/users\/1"}],"replies":[{"embeddable":true,"href":"https:\/\/muslimerforfred.org\/sv\/wp-json\/wp\/v2\/comments?post=18340"}],"version-history":[{"count":5,"href":"https:\/\/muslimerforfred.org\/sv\/wp-json\/wp\/v2\/pages\/18340\/revisions"}],"predecessor-version":[{"id":18352,"href":"https:\/\/muslimerforfred.org\/sv\/wp-json\/wp\/v2\/pages\/18340\/revisions\/18352"}],"wp:attachment":[{"href":"https:\/\/muslimerforfred.org\/sv\/wp-json\/wp\/v2\/media?parent=18340"}],"curies":[{"name":"wp","href":"https:\/\/api.w.org\/{rel}","templated":true}]}}