{"id":18298,"date":"2020-02-06T18:32:55","date_gmt":"2020-02-06T17:32:55","guid":{"rendered":"https:\/\/muslimerforfred.org\/sv\/?page_id=18298"},"modified":"2020-02-06T18:32:55","modified_gmt":"2020-02-06T17:32:55","slug":"stockholm-plugg-och-tacotisdag-med-smfr-jarva","status":"publish","type":"page","link":"https:\/\/muslimerforfred.org\/sv\/stockholm-plugg-och-tacotisdag-med-smfr-jarva\/","title":{"rendered":"Stockholm &#8211; Plugg och Tacotisdag med SMFR J\u00e4rva"},"content":{"rendered":"<p>Assalamu alaykum\/Fredliga h\u00e4lsningar!<\/p>\n<p>Har du prov eller tenta? Du m\u00e5ste kanske skriva klart en text? Vill du bara l\u00e4sa ur en bok eller f\u00e5 annat gjort?<\/p>\n<p>Den 11 februari v\u00e4lkomnar Stockholm J\u00e4rva dig till en plugg- och tacotisdag i samarbete med Stockholm V\u00e4stra! Detta \u00e4r ett ypperligt tillf\u00e4lle f\u00f6r att tr\u00e4ffa andra individer och f\u00e5 sitt jobb gjort samtidigt som en f\u00e5r \u00e4ta tacos. Eventet kommer att ta plats vid SMFR:s kansli, Skanstull.<\/p>\n<p>Missa inte detta tillf\u00e4lle f\u00f6r att tr\u00e4ffa nya m\u00e4nniskor!<br \/>\nEventet kommer att ta plats fr\u00e5n och med kl. 16:30. Kansliet har dock d\u00f6rren \u00f6ppen fr\u00e5n kl. 13:00.<\/p>\n<p>Alla \u00e4r v\u00e4lkomna till eventet, studenter som arbetare, \u00e4ldre som unga. De tv\u00e5 krav som st\u00e4lls \u00e4r att du ska vara dig sj\u00e4lv och f\u00e5 n\u00e5got gjort!<br \/>\nTema f\u00f6r maten: vegetarisk<\/p>\n<p>Datum: Tisdag 11\/2-20<br \/>\nTid: 16:30<br \/>\nPlats: Dalslandsgatan 2 (tunnelbanestation: Skanstull) Kontaktperson: Tuba Erdogan, 0709729038<\/p>\n<p>Taco hej!<\/p>\n","protected":false},"excerpt":{"rendered":"<p>Assalamu alaykum\/Fredliga h\u00e4lsningar! Har du prov eller tenta? Du m\u00e5ste kanske skriva klart en text? Vill du bara l\u00e4sa ur en bok eller f\u00e5 annat gjort? Den 11 februari v\u00e4lkomnar Stockholm J\u00e4rva dig till en plugg- och tacotisdag i samarbete med Stockholm V\u00e4stra! Detta \u00e4r ett ypperligt tillf\u00e4lle f\u00f6r att tr\u00e4ffa andra individer och f\u00e5&hellip; <br \/> <a class=\"read-more\" href=\"https:\/\/muslimerforfred.org\/sv\/stockholm-plugg-och-tacotisdag-med-smfr-jarva\/\">L\u00e4s mer<\/a><\/p>\n","protected":false},"author":9,"featured_media":18299,"parent":0,"menu_order":0,"comment_status":"closed","ping_status":"closed","template":"","meta":{"jetpack_post_was_ever_published":false,"footnotes":""},"class_list":["post-18298","page","type-page","status-publish","has-post-thumbnail","hentry"],"jetpack_sharing_enabled":true,"jetpack_shortlink":"https:\/\/wp.me\/PaU9CB-4L8","_links":{"self":[{"href":"https:\/\/muslimerforfred.org\/sv\/wp-json\/wp\/v2\/pages\/18298","targetHints":{"allow":["GET"]}}],"collection":[{"href":"https:\/\/muslimerforfred.org\/sv\/wp-json\/wp\/v2\/pages"}],"about":[{"href":"https:\/\/muslimerforfred.org\/sv\/wp-json\/wp\/v2\/types\/page"}],"author":[{"embeddable":true,"href":"https:\/\/muslimerforfred.org\/sv\/wp-json\/wp\/v2\/users\/9"}],"replies":[{"embeddable":true,"href":"https:\/\/muslimerforfred.org\/sv\/wp-json\/wp\/v2\/comments?post=18298"}],"version-history":[{"count":1,"href":"https:\/\/muslimerforfred.org\/sv\/wp-json\/wp\/v2\/pages\/18298\/revisions"}],"predecessor-version":[{"id":18300,"href":"https:\/\/muslimerforfred.org\/sv\/wp-json\/wp\/v2\/pages\/18298\/revisions\/18300"}],"wp:featuredmedia":[{"embeddable":true,"href":"https:\/\/muslimerforfred.org\/sv\/wp-json\/wp\/v2\/media\/18299"}],"wp:attachment":[{"href":"https:\/\/muslimerforfred.org\/sv\/wp-json\/wp\/v2\/media?parent=18298"}],"curies":[{"name":"wp","href":"https:\/\/api.w.org\/{rel}","templated":true}]}}