{"id":17400,"date":"2019-05-14T16:38:20","date_gmt":"2019-05-14T15:38:20","guid":{"rendered":"https:\/\/muslimerforfred.org\/sv\/?page_id=17400"},"modified":"2021-01-15T22:48:52","modified_gmt":"2021-01-15T21:48:52","slug":"varldsbild","status":"publish","type":"page","link":"https:\/\/muslimerforfred.org\/sv\/varldsbild\/","title":{"rendered":"Podcasten &#8211; V\u00e4rldsbild"},"content":{"rendered":"\t\t<div data-elementor-type=\"wp-post\" data-elementor-id=\"17400\" class=\"elementor elementor-17400\" data-elementor-post-type=\"page\">\n\t\t\t\t\t\t<section class=\"elementor-section elementor-top-section elementor-element elementor-element-b236b69 elementor-section-boxed elementor-section-height-default elementor-section-height-default\" data-id=\"b236b69\" data-element_type=\"section\" data-e-type=\"section\">\n\t\t\t\t\t\t<div class=\"elementor-container elementor-column-gap-default\">\n\t\t\t\t\t<div class=\"elementor-column elementor-col-100 elementor-top-column elementor-element elementor-element-141fb43\" data-id=\"141fb43\" data-element_type=\"column\" data-e-type=\"column\">\n\t\t\t<div class=\"elementor-widget-wrap elementor-element-populated\">\n\t\t\t\t\t\t<div class=\"elementor-element elementor-element-78efbee elementor-widget elementor-widget-heading\" data-id=\"78efbee\" data-element_type=\"widget\" data-e-type=\"widget\" data-widget_type=\"heading.default\">\n\t\t\t\t<div class=\"elementor-widget-container\">\n\t\t\t\t\t<h2 class=\"elementor-heading-title elementor-size-default\">Podcasten V\u00e4rldsbild<\/h2>\t\t\t\t<\/div>\n\t\t\t\t<\/div>\n\t\t\t\t<div class=\"elementor-element elementor-element-0ba3815 elementor-widget elementor-widget-text-editor\" data-id=\"0ba3815\" data-element_type=\"widget\" data-e-type=\"widget\" data-widget_type=\"text-editor.default\">\n\t\t\t\t<div class=\"elementor-widget-container\">\n\t\t\t\t\t\t\t\t\t<p>V\u00e4lkommen till v\u00e5r podd V\u00e4rldsbild som lanserades i samband med Ramadan 2019. Nedan kan du lyssna p\u00e5 introavsnittet d\u00e4r f\u00f6rbundsordf\u00f6rande Amir Dabboussi och generalsekreterare Yasri Khan presenterar syftet med och vad podcasten kommer att handla om. D\u00e4refter publiceras ett avsnitt per vecka fram till b\u00f6rjan av augusti.<\/p>\t\t\t\t\t\t\t\t<\/div>\n\t\t\t\t<\/div>\n\t\t\t\t\t<\/div>\n\t\t<\/div>\n\t\t\t\t\t<\/div>\n\t\t<\/section>\n\t\t\t\t<section class=\"elementor-section elementor-top-section elementor-element elementor-element-26de09b elementor-section-boxed elementor-section-height-default elementor-section-height-default\" data-id=\"26de09b\" data-element_type=\"section\" data-e-type=\"section\">\n\t\t\t\t\t\t<div class=\"elementor-container elementor-column-gap-default\">\n\t\t\t\t\t<div class=\"elementor-column elementor-col-100 elementor-top-column elementor-element elementor-element-196c5f2\" data-id=\"196c5f2\" data-element_type=\"column\" data-e-type=\"column\">\n\t\t\t<div class=\"elementor-widget-wrap\">\n\t\t\t\t\t\t\t<\/div>\n\t\t<\/div>\n\t\t\t\t\t<\/div>\n\t\t<\/section>\n\t\t\t\t<section class=\"elementor-section elementor-top-section elementor-element elementor-element-3170de9 elementor-section-boxed elementor-section-height-default elementor-section-height-default\" data-id=\"3170de9\" data-element_type=\"section\" data-e-type=\"section\">\n\t\t\t\t\t\t<div class=\"elementor-container elementor-column-gap-default\">\n\t\t\t\t\t<div class=\"elementor-column elementor-col-100 elementor-top-column elementor-element elementor-element-c65aa1b\" data-id=\"c65aa1b\" data-element_type=\"column\" data-e-type=\"column\">\n\t\t\t<div class=\"elementor-widget-wrap elementor-element-populated\">\n\t\t\t\t\t\t\t<\/div>\n\t\t<\/div>\n\t\t\t\t\t<\/div>\n\t\t<\/section>\n\t\t\t\t<\/div>\n\t\t","protected":false},"excerpt":{"rendered":"<p>Podcasten V\u00e4rldsbild V\u00e4lkommen till v\u00e5r podd V\u00e4rldsbild som lanserades i samband med Ramadan 2019. Nedan kan du lyssna p\u00e5 introavsnittet d\u00e4r f\u00f6rbundsordf\u00f6rande Amir Dabboussi och generalsekreterare Yasri Khan presenterar syftet med och vad podcasten kommer att handla om. D\u00e4refter publiceras ett avsnitt per vecka fram till b\u00f6rjan av augusti.<\/p>\n","protected":false},"author":1,"featured_media":0,"parent":0,"menu_order":0,"comment_status":"closed","ping_status":"closed","template":"","meta":{"jetpack_post_was_ever_published":false,"footnotes":""},"class_list":["post-17400","page","type-page","status-publish","hentry"],"jetpack_sharing_enabled":true,"jetpack_shortlink":"https:\/\/wp.me\/PaU9CB-4wE","_links":{"self":[{"href":"https:\/\/muslimerforfred.org\/sv\/wp-json\/wp\/v2\/pages\/17400","targetHints":{"allow":["GET"]}}],"collection":[{"href":"https:\/\/muslimerforfred.org\/sv\/wp-json\/wp\/v2\/pages"}],"about":[{"href":"https:\/\/muslimerforfred.org\/sv\/wp-json\/wp\/v2\/types\/page"}],"author":[{"embeddable":true,"href":"https:\/\/muslimerforfred.org\/sv\/wp-json\/wp\/v2\/users\/1"}],"replies":[{"embeddable":true,"href":"https:\/\/muslimerforfred.org\/sv\/wp-json\/wp\/v2\/comments?post=17400"}],"version-history":[{"count":6,"href":"https:\/\/muslimerforfred.org\/sv\/wp-json\/wp\/v2\/pages\/17400\/revisions"}],"predecessor-version":[{"id":18970,"href":"https:\/\/muslimerforfred.org\/sv\/wp-json\/wp\/v2\/pages\/17400\/revisions\/18970"}],"wp:attachment":[{"href":"https:\/\/muslimerforfred.org\/sv\/wp-json\/wp\/v2\/media?parent=17400"}],"curies":[{"name":"wp","href":"https:\/\/api.w.org\/{rel}","templated":true}]}}