{"id":15810,"date":"2019-04-05T02:03:22","date_gmt":"2019-04-05T01:03:22","guid":{"rendered":"http:\/\/muslimerforfred.org\/sv\/?page_id=15810"},"modified":"2019-04-09T16:34:22","modified_gmt":"2019-04-09T15:34:22","slug":"samverkan","status":"publish","type":"page","link":"https:\/\/muslimerforfred.org\/sv\/samverkan\/","title":{"rendered":"Samverkan"},"content":{"rendered":"<div  data-label=\"Clients\" data-id=\"clients--1\" data-export-id=\"clients-4\" data-category=\"clients\" class=\"clients-4 content-section content-section-spacing-small\" id=\"clients-1\" style=\"background-color: rgb(255, 255, 255);\"><div  class=\"gridContainer\"> <div  class=\"row\"><div  data-type=\"column\" class=\"section-title-col\"> <h2  class=\"font-700\">Vi har bland annat samverkat med<\/h2> <p  class=\"lead\">Folkbildningen<\/p><\/div> <\/div> <div  data-type=\"row\" class=\"row spaced-cols middle-xs center-xs space-bottom padding-lr\"> <div  class=\"col-xs-6 col-sm-2\"> <img decoding=\"async\"  src=\"http:\/\/muslimerforfred.org\/sv\/wp-content\/uploads\/2019\/04\/sensus_rgb-768x153.png\" class=\"\" alt=\"\" title=\"sensus_rgb-768x153\"><\/div> <div  class=\"col-xs-6 col-sm-2\"> <img decoding=\"async\"  src=\"http:\/\/muslimerforfred.org\/sv\/wp-content\/uploads\/2019\/04\/cropped-ABF_logo_r.svg_-768x1060.png\" class=\"\" alt=\"\" title=\"cropped-ABF_logo_r.svg_-768x1060.png\"><\/div> <div  class=\"col-xs-6 col-sm-2\"> <img decoding=\"async\"  src=\"http:\/\/muslimerforfred.org\/sv\/wp-content\/uploads\/2019\/04\/nbv.png\" class=\"\" alt=\"\" title=\"nbv\"><\/div> <div  class=\"col-xs-6 col-sm-2\"> <img decoding=\"async\"  src=\"http:\/\/muslimerforfred.org\/sv\/wp-content\/uploads\/2019\/04\/sigtuna-folkhgskola_53751d9baab03_w1500-768x273.jpg\" class=\"\" alt=\"\" title=\"sigtuna-folkhgskola_53751d9baab03_w1500-768x273\"><\/div> <div  class=\"col-xs-6 col-sm-2\"> <img decoding=\"async\"  src=\"http:\/\/muslimerforfred.org\/sv\/wp-content\/uploads\/2019\/04\/cropped-kista-2.png\" class=\"\" alt=\"\" title=\"cropped-kista-2.png\"><\/div> <div  class=\"col-xs-6 col-sm-2\"> <img decoding=\"async\"  src=\"http:\/\/muslimerforfred.org\/sv\/wp-content\/uploads\/2019\/04\/sjoviks_folkhogskola_il.gif\" class=\"\" alt=\"\" title=\"sjoviks_folkhogskola_il\"><\/div> <\/div><\/div> <\/div><div  data-label=\"Clients\" data-id=\"clients--2\" data-export-id=\"clients-4\" data-category=\"clients\" class=\"clients-4 content-section content-section-spacing-small\" id=\"clients-2\" style=\"background-color: rgb(245, 250, 253);\"><div  class=\"gridContainer\"><div  data-section-title-area=\"true\" class=\"row text-center\">   <div  class=\"section-title-col\" data-type=\"column\">              <p  class=\"lead\">Myndigheter och kommuner<\/p>   <\/div><\/div>  <div  data-type=\"row\" class=\"row spaced-cols middle-xs center-xs space-bottom padding-lr\"> <div  class=\"col-xs-6 col-sm-2\"> <img decoding=\"async\"  src=\"http:\/\/muslimerforfred.org\/sv\/wp-content\/uploads\/2019\/04\/ARV_logo_RGB1.jpg\" class=\"\" alt=\"\" title=\"ARV_logo_RGB1\"><\/div> <div  class=\"col-xs-6 col-sm-2\"> <img decoding=\"async\"  src=\"http:\/\/muslimerforfred.org\/sv\/wp-content\/uploads\/2019\/04\/FBA-768x235.png\" class=\"\" alt=\"\" title=\"FBA--768x235\"><\/div> <div  class=\"col-xs-6 col-sm-2\"> <img decoding=\"async\"  src=\"http:\/\/muslimerforfred.org\/sv\/wp-content\/uploads\/2019\/04\/Ungdomsstyrelsen.jpg\" class=\"\" alt=\"\" title=\"Ungdomsstyrelsen\"><\/div> <div  class=\"col-xs-6 col-sm-2\"> <img decoding=\"async\"  src=\"http:\/\/muslimerforfred.org\/sv\/wp-content\/uploads\/2019\/04\/VGR-samverkan.jpg\" class=\"\" alt=\"\" title=\"VGR-samverkan\"><\/div> <div  class=\"col-xs-6 col-sm-2\"> <img decoding=\"async\"  src=\"http:\/\/muslimerforfred.org\/sv\/wp-content\/uploads\/2019\/04\/cropped-logo2-1-768x157-1.png\" class=\"\" alt=\"\" title=\"cropped-logo2-1-768x157-1.png\"><\/div> <div  class=\"col-xs-6 col-sm-2\"> <img decoding=\"async\"  src=\"http:\/\/muslimerforfred.org\/sv\/wp-content\/uploads\/2019\/04\/umeakommun.jog_-768x317.jpg\" class=\"\" alt=\"\" title=\"umeakommun.jog_-768x317\"><\/div> <\/div><\/div> <\/div><div  data-label=\"Clients\" data-id=\"clients--5\" data-export-id=\"clients-4\" data-category=\"clients\" class=\"clients-4 content-section content-section-spacing-small\" id=\"clients-5\" style=\"background-color: rgb(255, 255, 255);\"><div  class=\"gridContainer\"><div  data-section-title-area=\"true\" class=\"row text-center\">   <div  class=\"section-title-col\" data-type=\"column\">              <p  class=\"lead\">Fredsr\u00f6relsen<\/p>   <\/div><\/div>  <div  data-type=\"row\" class=\"row spaced-cols middle-xs center-xs space-bottom padding-lr\"> <div  class=\"col-xs-6 col-sm-2\"> <img decoding=\"async\"  src=\"http:\/\/muslimerforfred.org\/sv\/wp-content\/uploads\/2019\/04\/Svenska-freds.png\" class=\"\" alt=\"\" title=\"Svenska-freds\"><\/div> <div  class=\"col-xs-6 col-sm-2\"> <img decoding=\"async\"  src=\"http:\/\/muslimerforfred.org\/sv\/wp-content\/uploads\/2019\/04\/Kfr1.jpg\" class=\"\" alt=\"\" title=\"Kfr1\"><\/div><div  class=\"col-xs-6 col-sm-2\"> <img decoding=\"async\"  src=\"http:\/\/muslimerforfred.org\/sv\/wp-content\/uploads\/2019\/04\/cropped-IOFC-1.jpg\" class=\"\" alt=\"\" title=\"cropped-IOFC-1.jpg\"><\/div>     <\/div><\/div> <\/div><div  data-label=\"Clients\" data-id=\"clients--6\" data-export-id=\"clients-4\" data-category=\"clients\" class=\"clients-4 content-section content-section-spacing-small\" id=\"clients-6\" style=\"background-color: rgb(245, 250, 253);\"><div  class=\"gridContainer\"><div  data-section-title-area=\"true\" class=\"row text-center\">   <div  class=\"section-title-col\" data-type=\"column\">              <p  class=\"lead\">F\u00f6retag<\/p>   <\/div><\/div>  <div  data-type=\"row\" class=\"row spaced-cols middle-xs center-xs space-bottom padding-lr\"> <div  class=\"col-xs-6 col-sm-2\"> <img decoding=\"async\"  src=\"http:\/\/muslimerforfred.org\/sv\/wp-content\/uploads\/2019\/04\/cropped-volvo-logotype-1.jpg\" class=\"\" alt=\"\" title=\"cropped-volvo-logotype-1.jpg\"><\/div> <div  class=\"col-xs-6 col-sm-2\"> <img decoding=\"async\"  src=\"http:\/\/muslimerforfred.org\/sv\/wp-content\/uploads\/2019\/04\/cropped-bosch_logo-1.gif\" class=\"\" alt=\"\" title=\"cropped-bosch_logo-1.gif\"><\/div>     <\/div><\/div> <\/div><div  data-label=\"Clients\" data-id=\"clients--7\" data-export-id=\"clients-4\" data-category=\"clients\" class=\"clients-4 content-section content-section-spacing-small\" id=\"clients-7\" style=\"background-color: rgb(255, 255, 255);\"><div  class=\"gridContainer\"><div  data-section-title-area=\"true\" class=\"row text-center\">   <div  class=\"section-title-col\" data-type=\"column\">              <p  class=\"lead\">Muslimska civilsamh\u00e4llet<\/p>   <\/div><\/div>  <div  data-type=\"row\" class=\"row spaced-cols middle-xs center-xs space-bottom padding-lr\"> <div  class=\"col-xs-6 col-sm-2\"> <img decoding=\"async\"  src=\"http:\/\/muslimerforfred.org\/sv\/wp-content\/uploads\/2019\/04\/cropped-islamiska-shia-768x253-1.png\" class=\"\" alt=\"\" title=\"cropped-islamiska-shia-768x253-1.png\"><\/div> <div  class=\"col-xs-6 col-sm-2\"> <img decoding=\"async\"  src=\"http:\/\/muslimerforfred.org\/sv\/wp-content\/uploads\/2019\/04\/islamakademin.png\" class=\"\" alt=\"\" title=\"islamakademin\"><\/div> <div  class=\"col-xs-6 col-sm-2\"> <img decoding=\"async\"  src=\"http:\/\/muslimerforfred.org\/sv\/wp-content\/uploads\/2019\/04\/cropped-islamic-relief-1.png\" class=\"\" alt=\"\" title=\"cropped-islamic-relief-1.png\"><\/div> <div  class=\"col-xs-6 col-sm-2\"> <img decoding=\"async\"  src=\"http:\/\/muslimerforfred.org\/sv\/wp-content\/uploads\/2019\/04\/cropped-muslim-aid-1.png\" class=\"\" alt=\"\" title=\"cropped-muslim-aid-1.png\"><\/div> <div  class=\"col-xs-6 col-sm-2\"> <img decoding=\"async\"  src=\"http:\/\/muslimerforfred.org\/sv\/wp-content\/uploads\/2019\/04\/cropped-sveriges-muslimska-fo\u0308rbund.png\" class=\"\" alt=\"\" title=\"cropped-sveriges-muslimska-fo\u0308rbund.png\"><\/div> <div  class=\"col-xs-6 col-sm-2\"> <img decoding=\"async\"  src=\"http:\/\/muslimerforfred.org\/sv\/wp-content\/uploads\/2019\/04\/cropped-Ibn-rushd-logo-banner-768x273-1.jpg\" class=\"\" alt=\"\" title=\"cropped-Ibn-rushd-logo-banner-768x273-1.jpg\"><\/div> <\/div><\/div> <\/div><div  data-label=\"Clients\" data-id=\"clients--8\" data-export-id=\"clients-4\" data-category=\"clients\" class=\"clients-4 content-section content-section-spacing-small\" id=\"clients-8\" style=\"background-color: rgb(245, 250, 253);\"><div  class=\"gridContainer\"><div  data-section-title-area=\"true\" class=\"row text-center\">   <div  class=\"section-title-col\" data-type=\"column\">              <p  class=\"lead\">Interreligi\u00f6st<\/p>   <\/div><\/div>  <div  data-type=\"row\" class=\"row spaced-cols middle-xs center-xs space-bottom padding-lr\"> <div  class=\"col-xs-6 col-sm-2\"> <img decoding=\"async\"  src=\"http:\/\/muslimerforfred.org\/sv\/wp-content\/uploads\/2019\/04\/svenska-kyrkan-768x103.png\" class=\"\" alt=\"\" title=\"svenska-kyrkan-768x103\"><\/div> <div  class=\"col-xs-6 col-sm-2\"> <img decoding=\"async\"  src=\"http:\/\/muslimerforfred.org\/sv\/wp-content\/uploads\/2019\/04\/cropped-syrisk-ortodoxa-1.png\" class=\"\" alt=\"\" title=\"cropped-syrisk-ortodoxa-1.png\"><\/div> <div  class=\"col-xs-6 col-sm-2\"> <img decoding=\"async\"  src=\"http:\/\/muslimerforfred.org\/sv\/wp-content\/uploads\/2019\/04\/sigtuna-stiftelsen.png\" class=\"\" alt=\"\" title=\"sigtuna-stiftelsen\"><\/div>   <div  class=\"col-xs-6 col-sm-2\"> <img decoding=\"async\"  src=\"http:\/\/muslimerforfred.org\/sv\/wp-content\/uploads\/2019\/04\/cropped-svkyrkansunga.jpg\" class=\"\" alt=\"\" title=\"cropped-svkyrkansunga.jpg\"><\/div> <div  class=\"col-xs-6 col-sm-2\"> <img decoding=\"async\"  src=\"http:\/\/muslimerforfred.org\/sv\/wp-content\/uploads\/2019\/04\/interreligiosa_centret-300x250.jpg\" class=\"\" alt=\"\" title=\"interreligiosa_centret-300x250\"><\/div><\/div><\/div> <\/div><div  data-label=\"Clients\" data-id=\"clients--9\" data-export-id=\"clients-4\" data-category=\"clients\" class=\"clients-4 content-section content-section-spacing-small\" id=\"clients-9\" style=\"background-color: rgb(255, 255, 255);\"><div  class=\"gridContainer\"> <div  class=\"row\"><div  data-type=\"column\" class=\"section-title-col\">  <p  class=\"lead\">Ideell sektor<\/p><\/div> <\/div> <div  data-type=\"row\" class=\"row spaced-cols middle-xs center-xs space-bottom padding-lr\"> <div  class=\"col-xs-6 col-sm-2 col-md-2\"> <img decoding=\"async\"  src=\"http:\/\/muslimerforfred.org\/sv\/wp-content\/uploads\/2019\/04\/cropped-Fairtrade_Certification_Mark.svg_-768x768-1.png\" class=\"\" alt=\"\" title=\"cropped-Fairtrade_Certification_Mark.svg_-768x768-1.png\"><\/div><div  class=\"col-xs-6 col-sm-2 col-md-2\"> <img decoding=\"async\"  src=\"http:\/\/muslimerforfred.org\/sv\/wp-content\/uploads\/2019\/04\/cropped-djurens-ra\u0308tt-768x403-1.png\" class=\"\" alt=\"\" title=\"cropped-djurens-ra\u0308tt-768x403-1.png\"><\/div> <div  class=\"col-xs-6 col-sm-2 col-md-2\"> <img decoding=\"async\"  src=\"http:\/\/muslimerforfred.org\/sv\/wp-content\/uploads\/2019\/04\/cropped-unga-med-synnedsa\u0308ttning-1.png\" class=\"\" alt=\"\" title=\"cropped-unga-med-synnedsa\u0308ttning-1.png\"><\/div>   <div  class=\"col-xs-6 col-sm-2 col-md-2\"> <img decoding=\"async\"  src=\"http:\/\/muslimerforfred.org\/sv\/wp-content\/uploads\/2019\/04\/cropped-Scouterna-logo_blue-768x165-1.jpg\" class=\"\" alt=\"\" title=\"cropped-Scouterna-logo_blue-768x165-1.jpg\"><\/div><div  class=\"col-xs-6 col-sm-2 col-md-2\"> <img decoding=\"async\"  src=\"http:\/\/muslimerforfred.org\/sv\/wp-content\/uploads\/2019\/04\/cropped-unga_reumatiker.jpg\" class=\"\" alt=\"\" title=\"cropped-unga_reumatiker.jpg\"><\/div>  <div  class=\"col-xs-6 col-sm-2 col-md-2\"> <img decoding=\"async\"  src=\"http:\/\/muslimerforfred.org\/sv\/wp-content\/uploads\/2019\/04\/cropped-Svenska-fn-fo\u0308rbundet-2.png\" class=\"\" alt=\"\" title=\"cropped-Svenska-fn-fo\u0308rbundet-2.png\"><\/div><\/div><\/div> <\/div><div  data-label=\"Clients\" data-id=\"clients--10\" data-export-id=\"clients-2\" data-category=\"clients\" class=\"clients-2 content-section content-section-spacing\" id=\"clients-10\" style=\"background-color: rgb(245, 250, 253);\"><div  class=\"gridContainer\"> <div  class=\"row\"><div  class=\"section-title-col\" data-type=\"column\">  <p  class=\"lead\">Internationellt\n<\/p><\/div> <\/div> <div  class=\"row center-xs spaced-cols padding-lr\" data-type=\"row\">  <div  class=\"col-xs-6 col-sm-3 col-md-2\"> <img decoding=\"async\"  src=\"http:\/\/muslimerforfred.org\/sv\/wp-content\/uploads\/2019\/04\/cropped-UNAOC.png\" class=\"\" alt=\"\" title=\"cropped-UNAOC.png\"><\/div><div  class=\"col-xs-6 col-sm-3 col-md-2\"> <img decoding=\"async\"  src=\"http:\/\/muslimerforfred.org\/sv\/wp-content\/uploads\/2019\/04\/University-Malaya.jpg\" class=\"\" alt=\"\" title=\"University-Malaya\"><\/div> <div  class=\"col-xs-6 col-sm-3 col-md-2\"> <img decoding=\"async\"  src=\"http:\/\/muslimerforfred.org\/sv\/wp-content\/uploads\/2019\/04\/cropped-european-parliament-1.jpg\" class=\"\" alt=\"\" title=\"cropped-european-parliament-1.jpg\"><\/div> <div  class=\"col-xs-6 col-sm-3 col-md-2\"> <img decoding=\"async\"  src=\"http:\/\/muslimerforfred.org\/sv\/wp-content\/uploads\/2019\/04\/UIA-malaysia.png\" class=\"\" alt=\"\" title=\"UIA-malaysia\"><\/div> <div  class=\"col-xs-6 col-sm-3 col-md-2\"> <img decoding=\"async\"  src=\"http:\/\/muslimerforfred.org\/sv\/wp-content\/uploads\/2019\/04\/cropped-MIDA-malaysia-1.jpg\" class=\"\" alt=\"\" title=\"cropped-MIDA-malaysia-1.jpg\"><\/div><div  class=\"col-xs-6 col-sm-3 col-md-2\"> <img decoding=\"async\"  src=\"http:\/\/muslimerforfred.org\/sv\/wp-content\/uploads\/2019\/04\/cropped-OSCE-1.jpeg\" class=\"\" alt=\"\" title=\"cropped-OSCE-1.jpeg\"><\/div><\/div><\/div> <\/div>","protected":false},"excerpt":{"rendered":"<p>Vi har bland annat samverkat med Folkbildningen Myndigheter och kommuner Fredsr\u00f6relsen F\u00f6retag Muslimska civilsamh\u00e4llet Interreligi\u00f6st Ideell sektor Internationellt<\/p>\n","protected":false},"author":1,"featured_media":0,"parent":0,"menu_order":0,"comment_status":"closed","ping_status":"closed","template":"pro\/page-templates\/full-width-page.php","meta":{"jetpack_post_was_ever_published":false,"footnotes":""},"class_list":["post-15810","page","type-page","status-publish","hentry"],"jetpack_sharing_enabled":true,"jetpack_shortlink":"https:\/\/wp.me\/PaU9CB-470","_links":{"self":[{"href":"https:\/\/muslimerforfred.org\/sv\/wp-json\/wp\/v2\/pages\/15810","targetHints":{"allow":["GET"]}}],"collection":[{"href":"https:\/\/muslimerforfred.org\/sv\/wp-json\/wp\/v2\/pages"}],"about":[{"href":"https:\/\/muslimerforfred.org\/sv\/wp-json\/wp\/v2\/types\/page"}],"author":[{"embeddable":true,"href":"https:\/\/muslimerforfred.org\/sv\/wp-json\/wp\/v2\/users\/1"}],"replies":[{"embeddable":true,"href":"https:\/\/muslimerforfred.org\/sv\/wp-json\/wp\/v2\/comments?post=15810"}],"version-history":[{"count":5,"href":"https:\/\/muslimerforfred.org\/sv\/wp-json\/wp\/v2\/pages\/15810\/revisions"}],"predecessor-version":[{"id":16114,"href":"https:\/\/muslimerforfred.org\/sv\/wp-json\/wp\/v2\/pages\/15810\/revisions\/16114"}],"wp:attachment":[{"href":"https:\/\/muslimerforfred.org\/sv\/wp-json\/wp\/v2\/media?parent=15810"}],"curies":[{"name":"wp","href":"https:\/\/api.w.org\/{rel}","templated":true}]}}