{"id":15756,"date":"2019-04-04T22:39:45","date_gmt":"2019-04-04T21:39:45","guid":{"rendered":"http:\/\/muslimerforfred.org\/sv\/?page_id=15756"},"modified":"2022-03-29T23:51:59","modified_gmt":"2022-03-29T22:51:59","slug":"smfr-akademin","status":"publish","type":"page","link":"https:\/\/muslimerforfred.org\/sv\/smfr-akademin\/","title":{"rendered":"Muslimska Freds Akademin"},"content":{"rendered":"\t\t<div data-elementor-type=\"wp-post\" data-elementor-id=\"15756\" class=\"elementor elementor-15756\" data-elementor-post-type=\"page\">\n\t\t\t\t\t\t<section class=\"elementor-section elementor-top-section elementor-element elementor-element-1b53e1bd elementor-section-boxed elementor-section-height-default elementor-section-height-default\" data-id=\"1b53e1bd\" data-element_type=\"section\" data-e-type=\"section\">\n\t\t\t\t\t\t<div class=\"elementor-container elementor-column-gap-default\">\n\t\t\t\t\t<div class=\"elementor-column elementor-col-100 elementor-top-column elementor-element elementor-element-20517595\" data-id=\"20517595\" data-element_type=\"column\" data-e-type=\"column\">\n\t\t\t<div class=\"elementor-widget-wrap elementor-element-populated\">\n\t\t\t\t\t\t<div class=\"elementor-element elementor-element-2bcac26 elementor-widget elementor-widget-image\" data-id=\"2bcac26\" data-element_type=\"widget\" data-e-type=\"widget\" data-widget_type=\"image.default\">\n\t\t\t\t<div class=\"elementor-widget-container\">\n\t\t\t\t\t\t\t\t\t\t\t\t\t\t\t<img fetchpriority=\"high\" decoding=\"async\" width=\"1024\" height=\"346\" src=\"https:\/\/muslimerforfred.org\/sv\/wp-content\/uploads\/2019\/04\/SMFRAkademin-1024x346.png\" class=\"attachment-large size-large wp-image-15759\" alt=\"\" srcset=\"https:\/\/muslimerforfred.org\/sv\/wp-content\/uploads\/2019\/04\/SMFRAkademin-1024x346.png 1024w, https:\/\/muslimerforfred.org\/sv\/wp-content\/uploads\/2019\/04\/SMFRAkademin-300x101.png 300w, https:\/\/muslimerforfred.org\/sv\/wp-content\/uploads\/2019\/04\/SMFRAkademin-768x259.png 768w, https:\/\/muslimerforfred.org\/sv\/wp-content\/uploads\/2019\/04\/SMFRAkademin-1920x649.png 1920w\" sizes=\"(max-width: 1024px) 100vw, 1024px\" \/>\t\t\t\t\t\t\t\t\t\t\t\t\t\t\t<\/div>\n\t\t\t\t<\/div>\n\t\t\t\t<div class=\"elementor-element elementor-element-4965226 elementor-widget elementor-widget-text-editor\" data-id=\"4965226\" data-element_type=\"widget\" data-e-type=\"widget\" data-widget_type=\"text-editor.default\">\n\t\t\t\t<div class=\"elementor-widget-container\">\n\t\t\t\t\t\t\t\t\t<h3 class=\"\">S\u00f6ker du personlig utveckling, verktyg och mer kunskap?<br>\u2013 Vill du l\u00e4ra dig mer om dig sj\u00e4lv, vad du vill och vad du kan \u00e5stadkomma?<br>\u2013 Vill du f\u00f6rst\u00e5 v\u00e4rlden fr\u00e5n islams v\u00e4rldsbild?<br>\u2013 Vill du vara med och forma morgondagens samh\u00e4lle?<\/h3>\n<h3 class=\"\">D\u00e5 \u00e4r du v\u00e4lkommen till Muslimska Freds-Akademin. Vi tar kunskap och utbildning p\u00e5 allvar.<\/h3>\n<p class=\"lead\">Hos Muslimska Freds Akademin f\u00e5r du hj\u00e4lp i din kunskapsresa och st\u00f6d i att snabbare \u00f6ka din f\u00f6rst\u00e5else f\u00f6r m\u00e5nga av de saker som \u00e4r viktigt f\u00f6r att f\u00e5 samh\u00e4llet och ibland v\u00e5rt egna liv att fungera. Ambitionen \u00e4r att se till att du f\u00e5r de verktyg som beh\u00f6vs f\u00f6r att bli en l\u00e5ngsiktig och viktig kugge i ett st\u00f6rre samh\u00e4llsbygge.<br>Hos oss kan du f\u00e5 m\u00e5nga verktyg n\u00e4tverk som du kan beh\u00f6va f\u00f6r att g\u00f6ra verklig skillnad!<br>Vi riktar oss fr\u00e4mst till unga vuxna, men \u00e4r \u00f6ppna f\u00f6r alla.<br>Muslimska Freds Akademin grundades f\u00f6r att l\u00e5ngsiktigt f\u00f6rbereda och rusta n\u00e4sta generations muslimska ledare till att kunna ta ansvar och verka f\u00f6r ett b\u00e4ttre samh\u00e4lle f\u00f6r alla.<br>Vi t\u00e4nker inte att alla ska bli teologer men vet att vi beh\u00f6ver genomsyra alla samh\u00e4llsf\u00e4lt med m\u00e4nniskor rustade med viktiga grundkunskaper som kan jobba som strateger, kulturverksamma, jurister, aktivister, milj\u00f6v\u00e4nner, vetenskapsm\u00e4n, l\u00e4kare, l\u00e4rare, entrepren\u00f6rer, innovat\u00f6rer och alla andra som dr\u00f6mmer om en b\u00e4ttre v\u00e4rld.<br>Ibland brukar man tala om olika f\u00e4lt som tillsammans \u00e4r de viktigaste faktorerna f\u00f6r formandet av en hel kultur och civilisation.<br>Muslimska Fredsr\u00f6relsens fredsentrepren\u00f6rskap sp\u00e4nner sig \u00f6ver alla dessa f\u00e4lt och som uttrycks i Muslimska Freds visionsprogram med 10 verksamhetsomr\u00e5den<\/p>\n<p class=\"lead\"><span style=\"font-weight: 700;\">Utbildningar<\/span><br>Muslimska Freds Akademin arrangerar bland annat Muslimska Freds grundutbildningar f\u00f6r att du ska:<br>P\u00e5 individniv\u00e5<br>\u2192 f\u00f6rst\u00e5 fr\u00e5gan om identitet, svenskhet och att vara muslim<br>\u2192 f\u00f6rst\u00e5 psykologi och f\u00e5 verktyg f\u00f6r sj\u00e4lvk\u00e4nnedom och sj\u00e4lvdisciplin<br>\u2192 f\u00f6rst\u00e5 kunskap och l\u00e4rande samt vikten av att vara en kunskapss\u00f6kare<br>\u2192 f\u00f6rst\u00e5 grundl\u00e4ggande islamisk kunskap och islamisk v\u00e4rldsbild<br>\u2192 f\u00f6rst\u00e5 sin motivation, drivkraft, dr\u00f6mmar och ambitioner<\/p>\n<p class=\"lead\"><span style=\"font-weight: 700;\">P\u00e5 organisationsniv\u00e5<\/span><br>\u2192 f\u00f6rst\u00e5 f\u00f6reningsdemokrati, regler och allm\u00e4n organisationsjuridik<br>\u2192 f\u00f6rst\u00e5 hur man bygger effektiva och inkluderande team<br>\u2192 f\u00f6rst\u00e5 hur man tar fram mallar, instruktioner och strukturer<br>\u2192 f\u00f6rst\u00e5 hur man f\u00f6rvaltar, utvecklar och f\u00f6ljer upp<br>\u2192 f\u00f6rst\u00e5 roller inom en organisation samt vikten av disciplin, plikt och ansvar<\/p>\n<p class=\"lead\"><span style=\"font-weight: 700;\">P\u00e5 samh\u00e4llsniv\u00e5<\/span><br>\u2192 f\u00f6rst\u00e5 v\u00e5rt samh\u00e4lle och den tid vi lever i,<br>\u2192 f\u00f6rst\u00e5 islams v\u00e4rldsbild och vad den betyder i v\u00e5r tid,<br>\u2192 f\u00f6rst\u00e5 hur vi kan g\u00f6ra v\u00e5ra r\u00f6ster h\u00f6rda f\u00f6r att p\u00e5verka samh\u00e4llet<br>\u2192 f\u00f6rst\u00e5 vad vi kan g\u00f6ra f\u00f6r att f\u00f6r\u00e4ndra samh\u00e4llet<br>\u2192 f\u00f6rst\u00e5 mer av vad framtiden kommer att inneb\u00e4ra.<\/p>\n<p class=\"lead\"><span style=\"font-weight: 700;\">Ut\u00f6ver detta h\u00e5ller Muslimska Freds-Akademin \u00e4ven utbildningar inom bland annat:<\/span><br>\u2192Milj\u00f6fr\u00e5gor och islams v\u00e4rldsbild<br>\u2192Globala fr\u00e5gor och global politik<br>\u2192Socialt arbete<br>\u2192Psykisk oh\u00e4lsa, lycka och islams v\u00e4rldsbild<br>\u2192Asyl och migration<br>\u2192Juridik, m\u00e4nskliga r\u00e4ttigheter och f\u00f6rvaltningsr\u00e4tt<br>\u2192Islam, finans och ekonomi<br>\u2192Entrepren\u00f6rskap<br>\u2192Integration och m\u00e5ngfald<br>\u2192Propaganda, hat och diskriminering<br>\u2192Politik, filosofi och islams v\u00e4rldsbild<br>\u2192Islamisk r\u00e4ttsl\u00e4ra och v\u00e4sterl\u00e4ndsk juridik<br>\u2192Teologi och livskunskap<br>\u2192Islams och profetens historia<br>\u2192Fredsentrepren\u00f6rskap och islams v\u00e4rldsbild<br>\u2192Ledarskap och grupprocesser<br>\u2192Psykologi och pedagogik<br>\u2192Freds och konflikthantering<br>\u2192Civilkurage, ledarskap och aktivism<br>\u2192Ickev\u00e5ld, andlighet och strategi<br>\u2192Media, opinionsbildning och p\u00e5verkansarbete<br>\u2192Skrivande och konst<br>\u2192Logik, t\u00e4nkande, kreativitet och Islams v\u00e4rldsbild<br>\u2192Svenskmuslimska civilsamh\u00e4llets historia, nutid och framtid<br>\u2192Skr\u00e4ddarsydda utbildningar baserat p\u00e5 f\u00f6rfr\u00e5gan och v\u00e5r f\u00f6rm\u00e5ga\/kompetens att leverera.<\/p>\n<p class=\"lead\">Utbildningar h\u00e5lls av erfarna utbildare med olika special och kunskapsomr\u00e5den fr\u00e5n SMFR. Utbildningarna utg\u00e5r ifr\u00e5n en speciell pedagogik som uppmanar till t\u00e4nkande och reflektion. Utbildningarna kan inneh\u00e5lla olika niv\u00e5er av inslag i form av reflektion, diskussioner, \u00f6vningar, uppgifter, l\u00e4sning, grupprocesser mm.<\/p>\n<p class=\"lead\"><span style=\"font-weight: 700;\">Om Muslimska Freds Akademin<\/span><br>En viktig del av Muslimska Freds verksamhet har varit Muslimska Freds Akademin som grundl\u00e4ggande utbildningsplattform. Utbildning och folkbildning i syfte att utveckla humankapital \u00e4r en central del av Muslimska Freds verksamhet \u00e4r en av Muslimska Freds viktigaste pelare. Utbildningarna bygger p\u00e5 upplevelsebaserad pedagogik. Muslimska Freds Akademins lanserande \u00e4r resultatet av en vision och en insikt om behovet att utveckla ledare inom det muslimska civilsamh\u00e4llet.<\/p>\n<p class=\"lead\">Ambitionen \u00e4r att lyfta standarden inom det muslimska civilsamh\u00e4llet och bygga upp en niv\u00e5 av kapacitet hos den yngre generationen f\u00f6r att l\u00e5ngsiktigt och systematiskt bidra med att \u00f6ka effektivitet, professionalitet, h\u00e5llbarhet och kompetens d\u00e4r det beh\u00f6vs.<\/p>\n<p class=\"lead\">Muslimska Freds Akademin fungerar som ett officiellt samordningsorgan f\u00f6r Muslimska Freds utbildningar s\u00e5v\u00e4l som en obligatorisk utbildningsplattform f\u00f6r Muslimska Freds samtliga f\u00f6rtroendevalda. I Muslimska Freds Akademin s\u00e5 har vi samlat mycket av den kunskapen, erfarenheten som utbildarna inom Muslimska Freds tagit fram.<\/p>\n<p class=\"lead\"><span style=\"font-weight: 700;\">Som f\u00f6rtroendevald<\/span><br>Muslimska Freds akademin hj\u00e4lper \u00e4ven till med att h\u00e5lla i utbildningar s\u00e5v\u00e4l som erbjuda material till aktiviteter som g\u00f6rs till medlemmar i samverkan med f\u00f6rbundet, Muslimska Freds-regioner eller Muslimska Freds lokalavdelningar. Som f\u00f6rtroendevald ordf\u00f6rande kan du ta kontakt med Muslimska Freds generalsekreterare efter att du samr\u00e5tt med din avdelning och best\u00e4lla en utbildning direkt fr\u00e5n kansliet.<\/p>\n<p class=\"lead\"><span style=\"font-weight: 700;\">Som medlem<\/span><br>\u00c4r du en medlem som \u00e4r intresserad av att g\u00e5 en utbildning s\u00e5 rekommenderar vi att du tar kontakt med din lokalavdelning och visar att du har intresse av att g\u00e5 en utbildning. N\u00e4r tillr\u00e4ckligt m\u00e5nga visat intresse s\u00e5 kommer lokalavdelningen eller regionen att inshallah ta kontakt med dig om en framtida utbildning. Du kan ocks\u00e5 visa ditt intresse direkt till oss genom att fylla i blanketten nedan!<\/p>\n<p class=\"lead\"><span style=\"font-weight: 700;\">Som extern best\u00e4llare<\/span><br>Det g\u00e5r \u00e4ven att best\u00e4lla utbildningar som extern akt\u00f6r och g\u00f6ra en offertf\u00f6rfr\u00e5gan. Muslimska Freds har h\u00e5llit i f\u00f6rel\u00e4sningar, workshops, seminarier och utbildningar f\u00f6r externa organisationer, samfund, universitet, myndigheter, politiska partier, studief\u00f6rbund, folkh\u00f6gskolor, f\u00f6retag och internationellt. Som extern akt\u00f6r (dvs ej verksam inom muslimska fredsr\u00f6relsen) s\u00e5 kan du ta kontakt genom att fylla i blanketten nedan eller skriva direkt till v\u00e5r generalsekreterare<\/p>\n<p class=\"lead\"><span style=\"font-weight: 700;\">SMFR-akademin finns \u00e4ven p\u00e5 facebook!<\/span><br>https:\/\/www.facebook.com\/SMFRakademin<\/p>\n<p style=\"text-align: center;\"><br><br>Klicka h\u00e4r f\u00f6r att komma i kontakt med oss:&nbsp;<a data-mce-href=\"..\/kontakta-oss\/\" href=\"http:\/\/muslimerforfred.org\/sv\/kontakta-oss\" target=\"_self\" data-mce-selected=\"inline-boundary\" data-cp-link=\"1\" rel=\"noopener noreferrer\" style=\"display: inline-block; color: inherit !important;\">http:\/\/muslimerforfred.org\/sv\/kontakta-oss\/<\/a><\/p>\t\t\t\t\t\t\t\t<\/div>\n\t\t\t\t<\/div>\n\t\t\t\t\t<\/div>\n\t\t<\/div>\n\t\t\t\t\t<\/div>\n\t\t<\/section>\n\t\t\t\t<\/div>\n\t\t","protected":false},"excerpt":{"rendered":"<p>S\u00f6ker du personlig utveckling, verktyg och mer kunskap?\u2013 Vill du l\u00e4ra dig mer om dig sj\u00e4lv, vad du vill och vad du kan \u00e5stadkomma?\u2013 Vill du f\u00f6rst\u00e5 v\u00e4rlden fr\u00e5n islams v\u00e4rldsbild?\u2013 Vill du vara med och forma morgondagens samh\u00e4lle? D\u00e5 \u00e4r du v\u00e4lkommen till Muslimska Freds-Akademin. Vi tar kunskap och utbildning p\u00e5 allvar. Hos Muslimska&hellip; <br \/> <a class=\"read-more\" href=\"https:\/\/muslimerforfred.org\/sv\/smfr-akademin\/\">L\u00e4s mer<\/a><\/p>\n","protected":false},"author":1,"featured_media":0,"parent":0,"menu_order":0,"comment_status":"closed","ping_status":"closed","template":"pro\/page-templates\/full-width-page.php","meta":{"jetpack_post_was_ever_published":false,"footnotes":""},"class_list":["post-15756","page","type-page","status-publish","hentry"],"jetpack_sharing_enabled":true,"jetpack_shortlink":"https:\/\/wp.me\/PaU9CB-468","_links":{"self":[{"href":"https:\/\/muslimerforfred.org\/sv\/wp-json\/wp\/v2\/pages\/15756","targetHints":{"allow":["GET"]}}],"collection":[{"href":"https:\/\/muslimerforfred.org\/sv\/wp-json\/wp\/v2\/pages"}],"about":[{"href":"https:\/\/muslimerforfred.org\/sv\/wp-json\/wp\/v2\/types\/page"}],"author":[{"embeddable":true,"href":"https:\/\/muslimerforfred.org\/sv\/wp-json\/wp\/v2\/users\/1"}],"replies":[{"embeddable":true,"href":"https:\/\/muslimerforfred.org\/sv\/wp-json\/wp\/v2\/comments?post=15756"}],"version-history":[{"count":13,"href":"https:\/\/muslimerforfred.org\/sv\/wp-json\/wp\/v2\/pages\/15756\/revisions"}],"predecessor-version":[{"id":19689,"href":"https:\/\/muslimerforfred.org\/sv\/wp-json\/wp\/v2\/pages\/15756\/revisions\/19689"}],"wp:attachment":[{"href":"https:\/\/muslimerforfred.org\/sv\/wp-json\/wp\/v2\/media?parent=15756"}],"curies":[{"name":"wp","href":"https:\/\/api.w.org\/{rel}","templated":true}]}}