{"id":15747,"date":"2019-04-04T22:26:15","date_gmt":"2019-04-04T21:26:15","guid":{"rendered":"http:\/\/muslimerforfred.org\/sv\/?page_id=15747"},"modified":"2021-06-27T19:02:12","modified_gmt":"2021-06-27T18:02:12","slug":"regionavdelningar","status":"publish","type":"page","link":"https:\/\/muslimerforfred.org\/sv\/regionavdelningar\/","title":{"rendered":"Regionavdelningar"},"content":{"rendered":"\t\t<div data-elementor-type=\"wp-post\" data-elementor-id=\"15747\" class=\"elementor elementor-15747\" data-elementor-post-type=\"page\">\n\t\t\t\t\t\t<section class=\"elementor-section elementor-top-section elementor-element elementor-element-1f25898 elementor-section-boxed elementor-section-height-default elementor-section-height-default\" data-id=\"1f25898\" data-element_type=\"section\" data-e-type=\"section\">\n\t\t\t\t\t\t<div class=\"elementor-container elementor-column-gap-default\">\n\t\t\t\t\t<div class=\"elementor-column elementor-col-100 elementor-top-column elementor-element elementor-element-f76c74e\" data-id=\"f76c74e\" data-element_type=\"column\" data-e-type=\"column\">\n\t\t\t<div class=\"elementor-widget-wrap elementor-element-populated\">\n\t\t\t\t\t\t<div class=\"elementor-element elementor-element-6eec5ab elementor-widget elementor-widget-text-editor\" data-id=\"6eec5ab\" data-element_type=\"widget\" data-e-type=\"widget\" data-widget_type=\"text-editor.default\">\n\t\t\t\t<div class=\"elementor-widget-container\">\n\t\t\t\t\t\t\t\t\t<h3>2021<\/h3><div><p>SMFR har idag fem regionavdelningar:\u00a0<\/p><ul><li>SMFR Region Stockholm<\/li><li>SMFR Region V\u00e4st<\/li><li>SMFR Region Syd<\/li><li>SMFR Region \u00d6sterg\u00f6tland<\/li><li>SMFR Region S\u00f6dermanland<\/li><\/ul><p>Den f\u00f6rsta regionen startades i Stockholm redan 2010 med ambitionen att starta en struktur best\u00e5ende av f\u00f6rbund, regioner och en lokalavdelningar. Regionen var t\u00e4nkt att skapa en plats f\u00f6r att samla ihop d\u00e5varande 3 lokalavdelningar som fanns i Stockholm f\u00f6r samverkan och koordinering. Senare ansl\u00f6t sig ytterligare 2 lokalavdelningar i SMFR Region Stockholm.<\/p><p>Det dr\u00f6jde dock 5 \u00e5r innan n\u00e4sta region startades med region Sydv\u00e4st som startades 2015 och d\u00e5 samlades lokalavdelningar fr\u00e5n Halmstad, Sk\u00e5ne och V\u00e4stra G\u00f6taland under ett samordningsorgan. Senare \u00a0delades det upp till Region V\u00e4st n\u00e4r SMFR expanderade i V\u00e4stra G\u00f6taland till 3 egna lokalavdelningar och Region Syd 2016 n\u00e4r 3 lokalavdelningar startades i Sk\u00e5ne. Region \u00d6sterg\u00f6tland startades 2017 n\u00e4r 4 lokalavdelningar startades i \u00d6sterg\u00f6tland. I slutet av 2018 tillkom SMFR Region S\u00f6dermanland n\u00e4r lokalavdelningar startades i Flen och Eskilstuna.<\/p><\/div>\t\t\t\t\t\t\t\t<\/div>\n\t\t\t\t<\/div>\n\t\t\t\t<div class=\"elementor-element elementor-element-6ae4d50 elementor-tabs-view-vertical elementor-widget elementor-widget-tabs\" data-id=\"6ae4d50\" data-element_type=\"widget\" data-e-type=\"widget\" data-widget_type=\"tabs.default\">\n\t\t\t\t<div class=\"elementor-widget-container\">\n\t\t\t\t\t\t\t<div class=\"elementor-tabs\">\n\t\t\t<div class=\"elementor-tabs-wrapper\" role=\"tablist\" >\n\t\t\t\t\t\t\t\t\t<div id=\"elementor-tab-title-1121\" class=\"elementor-tab-title elementor-tab-desktop-title\" aria-selected=\"true\" data-tab=\"1\" role=\"tab\" tabindex=\"0\" aria-controls=\"elementor-tab-content-1121\" aria-expanded=\"false\">SMFR Region Stockholm<\/div>\n\t\t\t\t\t\t\t\t\t<div id=\"elementor-tab-title-1122\" class=\"elementor-tab-title elementor-tab-desktop-title\" aria-selected=\"false\" data-tab=\"2\" role=\"tab\" tabindex=\"-1\" aria-controls=\"elementor-tab-content-1122\" aria-expanded=\"false\">SMFR Region V\u00e4st<\/div>\n\t\t\t\t\t\t\t\t\t<div id=\"elementor-tab-title-1123\" class=\"elementor-tab-title elementor-tab-desktop-title\" aria-selected=\"false\" data-tab=\"3\" role=\"tab\" tabindex=\"-1\" aria-controls=\"elementor-tab-content-1123\" aria-expanded=\"false\">SMFR Region Syd<\/div>\n\t\t\t\t\t\t\t\t\t<div id=\"elementor-tab-title-1124\" class=\"elementor-tab-title elementor-tab-desktop-title\" aria-selected=\"false\" data-tab=\"4\" role=\"tab\" tabindex=\"-1\" aria-controls=\"elementor-tab-content-1124\" aria-expanded=\"false\">SMFR Region \u00d6sterg\u00f6tland<\/div>\n\t\t\t\t\t\t\t\t\t<div id=\"elementor-tab-title-1125\" class=\"elementor-tab-title elementor-tab-desktop-title\" aria-selected=\"false\" data-tab=\"5\" role=\"tab\" tabindex=\"-1\" aria-controls=\"elementor-tab-content-1125\" aria-expanded=\"false\">SMFR Region S\u00f6dermanland<\/div>\n\t\t\t\t\t\t\t<\/div>\n\t\t\t<div class=\"elementor-tabs-content-wrapper\" role=\"tablist\" aria-orientation=\"vertical\">\n\t\t\t\t\t\t\t\t\t<div class=\"elementor-tab-title elementor-tab-mobile-title\" aria-selected=\"true\" data-tab=\"1\" role=\"tab\" tabindex=\"0\" aria-controls=\"elementor-tab-content-1121\" aria-expanded=\"false\">SMFR Region Stockholm<\/div>\n\t\t\t\t\t<div id=\"elementor-tab-content-1121\" class=\"elementor-tab-content elementor-clearfix\" data-tab=\"1\" role=\"tabpanel\" aria-labelledby=\"elementor-tab-title-1121\" tabindex=\"0\" hidden=\"false\"><div><h3>SMFR Region Stockholm<\/h3><h3>2021 (under uppbyggnad)<\/h3><p>Under regionst\u00e4mman 2021 valdes Rahma Yacin till regionsordf\u00f6rande.<\/p><p>I styrelsen valdes \u00e4ven<\/p><ul><li>\u00a0Ibrahim Pouhnimaleh (SMFR Stockholm City)<\/li><li>\u00a0Linah Gillman (SMFR S\u00f6dra Stockholm)<\/li><\/ul><hr \/><h3>SMFR Region Stockholm<\/h3><h3>2020 (under uppbyggnad)<\/h3><p>Under regionst\u00e4mman 2020 valdes Umed Sultanov till regionsordf\u00f6rande.<\/p><p>I styrelsen valdes \u00e4ven<\/p><ul><li>\u00a0Ibrahim Pouhnimaleh (SMFR Stockholm City)<\/li><li>\u00a0Umed Sultanov (SMFR V\u00e4stra Stockhom)<\/li><li>\u00a0Tihama Al Hashmi (SMFR J\u00e4rva)<\/li><li>\u00a0Raja Mohammed Ali (SMFR Norra Stockholm)<\/li><li>\u00a0Linah Gillman (SMFR S\u00f6dra Stockholm)<\/li><li>\u00a0Loujinah Al chebab (SMFR Uppsala)<\/li><li>\u00a0Mohammed Tahir (SMFR Uppsala)<\/li><\/ul><hr \/><h3>SMFR Region Stockholm<\/h3><h3>2019<\/h3><p>I Februari 2019 valdes Nofa Malla Mohammed till regionsordf\u00f6rande.<\/p><p>I styrelsen valdes \u00e4ven<\/p><ul><li>\u00a0Ibrahim Pouhnimaleh (SMFR Stockholm City)<\/li><li>\u00a0Umed Sultanov (SMFR V\u00e4stra Stockhom)<\/li><li>\u00a0Tihama Al Hashmi (SMFR J\u00e4rva)<\/li><li>\u00a0Raja Mohammed Ali (SMFR Norra Stockholm)<\/li><li>\u00a0Linah Gillman (SMFR S\u00f6dra Stockholm)<\/li><li>\u00a0Loujinah Al chebab (SMFR Uppsala)<\/li><li>\u00a0Mohammed Tahir (SMFR Uppsala)<\/li><\/ul><hr \/><h3>2018<\/h3><div><p>Den 15 februari 2018 hade SMFR Region Stockholms regionst\u00e4mma d\u00e4r Tuba Tezcan valdes till regionordf\u00f6rande med:<\/p><ul><li>\u00a0Ibrahim Pouhnimaleh (SMFR Stockholm City)<\/li><li>\u00a0Umed Sultanov (SMFR V\u00e4stra Stockhom)<\/li><li>\u00a0Tihama Al Hashmi (SMFR J\u00e4rva)<\/li><li>\u00a0Raja Mohammed Ali (SMFR S\u00f6dra Stockholm)<\/li><li>\u00a0JFR (SMFR Norra Stockholm)<\/li><li>\u00a0Nofa Malla Mohammed<\/li><li>\u00a0Aya Mohammed<\/li><li>Sara Babiker<\/li><\/ul><\/div><\/div><div><hr \/><h3>2017<\/h3><div><p>Den 10 februari 2017 skedde SMFR Region Stockholms regionst\u00e4mma d\u00e4r Amir Dabboussi valdes till regionordf\u00f6rande med<\/p><ul><li>\u00a0Ibrahim Pouhnimaleh (SMFR Stockholm)<\/li><li>Sara Babiker (SMFR V\u00e4stra Stockhom)<\/li><li>Arif Jeda-Oh (SMFR J\u00e4rva)<\/li><li>Tuba Tezcan (SMFR S\u00f6dra Stockholm)<\/li><li>och Osman Adem (SMFR Norra Stockholm)<\/li><\/ul><p>Medadjungerade under \u00e5ret fanns \u00e4ven tv\u00e5 50% anst\u00e4llda verksamhetsutvecklare, Shaimaa Abdelhady och Aya Zemzem Mohammed.<\/p><hr \/><h3>2015-2016<\/h3><\/div><\/div><div><div><p>Den 10 februari 2015 skedde SMFR Region Stockholms regionst\u00e4mma d\u00e4r avg\u00e5ende ordf\u00f6rande Amir Dabboussi tackade f\u00f6r sin tid som ordf\u00f6rande f\u00f6r regionen.<\/p><p>Boudour Al-Hashmi valdes till regionordf\u00f6rande med f\u00f6ljande ledam\u00f6ter:<\/p><ul><li>Ayan Osman (SMFR Stockholm),<\/li><li>Ahmed Ibrahim (SMFR V\u00e4stra Stockhom),<\/li><li>Aya Mohammed (SMFR Stockholm),<\/li><li>Hoda Saad (SMFR S\u00f6dra Stockholm),<\/li><li>Amal Seraj (SMFR Norra Stockholm),<\/li><li>Nadia Sultana (SMFR J\u00e4rva),<\/li><li>Omera Saleh (SMFR Norra Stockholm),<\/li><li>Shaimaa Abdelhady (SMFR J\u00e4rva)<\/li><\/ul><p>Medadjungerad fanns \u00e4ven en 100 % anst\u00e4lld verksamhetsutvecklare Aya Zemzem Mohammed.<\/p><hr \/><h3>2014-2016<\/h3><\/div><\/div><div><div><p>Region Stockholm valde 2014 Amir Dabboussi till ny ordf\u00f6rande. Denna mandatperiod besl\u00f6t man \u00e4ven f\u00f6r att v\u00e4lja in samtliga ordf\u00f6randen f\u00f6r samtliga lokalavdelningar i Stockholm att sitta i styrelsen f\u00f6r att f\u00f6rst\u00e4rka och formalisera koordinering mellan lokalavdelningarna. Detta har tidigare \u00e4ven varit praxis att ha representanter fr\u00e5n samtliga avdelningar sedan tidigare, bara det att man valde att ut\u00f6ka platserna i styrelsen och \u00e4ven tog in representanter fr\u00e5n de nya avdelningarna som tillkom under f\u00f6rra mandatperioden.<\/p><p>Regionordf\u00f6rande respektive styrelse.<\/p><ul><li>Regionordf\u00f6rande Amir Dabboussi<\/li><li>Aya Mohammed (SMFR Stockholm)<\/li><li>Omera Saleh (SMFR Stockholm V\u00e4stra)<\/li><li>Shaimaa Abdelhady (SMFR J\u00e4rva)<\/li><li>Osman Adem (SMFR Stockholm S\u00f6dra)<\/li><li>Nofa Malla-Mohammed (SMFR Stockholm)<\/li><li>Nadia Sultana (SMFR J\u00e4rva)<\/li><li>Louai Wafai (SMFR Stockhom V\u00e4stra)<\/li><li>Semanur Taskin (SMFR Stockholm S\u00f6dra)<\/li><li>Amal Seraj (SMFR Stockholm Norra)<\/li><\/ul><hr \/><h3>2012-2014<\/h3><\/div><\/div><div><div>Region Stockholm valde 2012 Aya Mohammed till ny regionordf\u00f6rande. Under denna mandatperiod s\u00e5 gick lokalavdelningarna fr\u00e5n 3 till 5 d\u00e5 \u00e4ven SMFR Stockholm Norra och SMFR Stockholm V\u00e4stra bildades. Under denna period valdes \u00e4ven representanter fr\u00e5n samtliga avdelningar in till styrelsen.<\/div><div>\u00a0<\/div><div>I Styrelsen satt Shaimaa Abdelhady, Khadijah Saleh, Amal Seraj, Anwahr Athahb, Merima Gigovic, Omera Saleh och Osman Adem.<\/div><hr \/><h3>2010-2012<\/h3><\/div><div><div>Region Stockholm konstituerades \u00e5r 2010 p\u00e5 initiativ av Yasri Khan efter att han drivit arbetet med att konstituera de f\u00f6rsta lokalavdelningarna SMFR J\u00e4rva, SMFR Stockholm och SMFR Botkyrka. Yasri valdes \u00e4ven som f\u00f6rsta regionordf\u00f6rande samtidigt som han var SMFRs f\u00f6rbundsordf\u00f6rande.<\/div><div>\u00a0<\/div><div>I Styrelsen valdes Anwahr Athahb, Nedim Bircan, Ahmed Nuru och Aya Mohammed\u00a0<\/div><\/div><\/div>\n\t\t\t\t\t\t\t\t\t<div class=\"elementor-tab-title elementor-tab-mobile-title\" aria-selected=\"false\" data-tab=\"2\" role=\"tab\" tabindex=\"-1\" aria-controls=\"elementor-tab-content-1122\" aria-expanded=\"false\">SMFR Region V\u00e4st<\/div>\n\t\t\t\t\t<div id=\"elementor-tab-content-1122\" class=\"elementor-tab-content elementor-clearfix\" data-tab=\"2\" role=\"tabpanel\" aria-labelledby=\"elementor-tab-title-1122\" tabindex=\"0\" hidden=\"hidden\"><div><h3>SMFR Region V\u00e4st<\/h3><div><div><div><div><article><div><div><div><div><div><div data-vc-action=\"collapse\"><div><div><div><div data-vc-content=\".vc_tta-panel-body\"><div><div><h3>2021 (Under uppbyggnad)<\/h3><div><p>Hamdi Abdulkadir Osman och Abdelrahman Asad valdes till ett delat ordf\u00f6randeskap f\u00f6r SMFR Region V\u00e4st med ledam\u00f6terna:<\/p><ul><li>Abdirahman Mohamud (SMFR G\u00f6teborg s\u00f6dra),<\/li><li>Kamila Abdullah (SMFR G\u00f6teborg City)<\/li><li>Ruqeya Muric (SMFR Angered)<\/li><li>Hodon Ali (SMFR Hisingen)<\/li><li>Tuba Tezcan (SMFR \u00d6stra G\u00f6teborg)<\/li><li>Abdulaziz Saleh<\/li><li>Sara Younes<\/li><\/ul><\/div><\/div><\/div><\/div><\/div><\/div><\/div><\/div><\/div><\/div><\/div><\/div><\/div><\/article><\/div><\/div><\/div><\/div><hr \/><h3>SMFR Region V\u00e4st<\/h3><div><div><div><div><article><div><div><div><div><div><div data-vc-action=\"collapse\"><div><div><div><div data-vc-content=\".vc_tta-panel-body\"><div><div><h3>2020 (Under uppbyggnad)<\/h3><div><p>Hamdi Abdulkadir Osman och Abdelrahman Asad valdes till ett delat ordf\u00f6randeskap f\u00f6r SMFR Region V\u00e4st med ledam\u00f6terna:<\/p><ul><li>Abdirahman Mohamud (SMFR G\u00f6teborg s\u00f6dra),<\/li><li>Kamila Abdullah (SMFR G\u00f6teborg City)<\/li><li>Ruqeya Muric (SMFR Angered)<\/li><li>Hodon Ali (SMFR Hisingen)<\/li><li>Tuba Tezcan (SMFR \u00d6stra G\u00f6teborg)<\/li><li>Abdulaziz Saleh<\/li><li>Sara Younes<\/li><\/ul><\/div><\/div><\/div><\/div><\/div><\/div><\/div><\/div><\/div><\/div><\/div><\/div><\/div><\/article><\/div><\/div><\/div><\/div><hr \/><h3>SMFR Region V\u00e4st<\/h3><div><div><div><div><article><div><div><div><div><div><div data-vc-action=\"collapse\"><div><div><div><div data-vc-content=\".vc_tta-panel-body\"><div><div><h3>2019<\/h3><div><p>Hamdi Abdulkadir Osman och Abdelrahman Asad valdes till ett delat ordf\u00f6randeskap f\u00f6r SMFR Region V\u00e4st med ledam\u00f6terna:<\/p><ul><li>Abdirahman Mohamud (SMFR G\u00f6teborg s\u00f6dra),<\/li><li>Kamila Abdullah (SMFR G\u00f6teborg City)<\/li><li>Ruqeya Muric (SMFR Angered)<\/li><li>Hodon Ali (SMFR Hisingen)<\/li><li>Tuba Tezcan (SMFR \u00d6stra G\u00f6teborg)<\/li><li>Abdulaziz Saleh<\/li><li>Sara Younes<\/li><\/ul><\/div><hr \/><h3>2018<\/h3><div><p>Hamdi Abdulkadir Osman valdes till ordf\u00f6rande f\u00f6r region v\u00e4st med ledam\u00f6terna:<\/p><ul><li>Abdirahman Mohamud (SMFR G\u00f6teborg s\u00f6dra),<\/li><li>Hodon Ali (SMFR Hisingen),<\/li><li>Jamila Ali (SMFR Angered),<\/li><li>Hanna Ali (SMFR G\u00f6teborg City)<\/li><li>Abderahman Asad (SMFR G\u00f6teborg \u00d6stra).<\/li><li>Mohamed Hassan<\/li><li>Abdulaziz Saleh<\/li><\/ul><\/div><\/div><div><hr \/><h3>2017<\/h3><div><p>Abdulaziz Saleh valdes till ordf\u00f6rande f\u00f6r SMFR Region V\u00e4st med ledam\u00f6terna:<\/p><ul><li>Sara Younes (SMFR G\u00f6teborg s\u00f6dra)<\/li><li>Hamdi Osman (SMFR Hisingen)<\/li><li>Jamila Ali (SMFR Angered)<\/li><li>Hanna Ali (SMFR G\u00f6teborg City)<\/li><li>Abderahman Asad (SMFR G\u00f6teborg \u00d6stra)<\/li><\/ul><\/div><\/div><div><hr \/><h3>2016<\/h3><div><p>Sara Younes valdes till ordf\u00f6rande f\u00f6r region v\u00e4st med ledam\u00f6terna<\/p><ul><li>Abdul Aziz Saleh (SMFR G\u00f6teborg s\u00f6dra),<\/li><li>Hamdi Osman (SMFR Hisingen),<\/li><li>Jamila Ali (SMFR Angered)<\/li><li>Sumeyya Gencoglu (SMFR G\u00f6teborg City).<\/li><\/ul><h3>2016<\/h3><div><p>Sara Younes valdes till ordf\u00f6rande f\u00f6r SMFR Region Sydv\u00e4stra Sverige. H\u00e4r ingick SMFR Halmstad och SMFR Helsingborg.<\/p><\/div><\/div><\/div><\/div><\/div><\/div><\/div><\/div><\/div><\/div><\/div><\/div><\/div><\/div><\/article><\/div><\/div><\/div><\/div><\/div><\/div>\n\t\t\t\t\t\t\t\t\t<div class=\"elementor-tab-title elementor-tab-mobile-title\" aria-selected=\"false\" data-tab=\"3\" role=\"tab\" tabindex=\"-1\" aria-controls=\"elementor-tab-content-1123\" aria-expanded=\"false\">SMFR Region Syd<\/div>\n\t\t\t\t\t<div id=\"elementor-tab-content-1123\" class=\"elementor-tab-content elementor-clearfix\" data-tab=\"3\" role=\"tabpanel\" aria-labelledby=\"elementor-tab-title-1123\" tabindex=\"0\" hidden=\"hidden\"><div><h3>SMFR Region Syd<\/h3><div><div><div><h3>2021 (under uppbyggnad)<\/h3><div><p>Mohammed Bakr och Inam Sadeke valdes till regionordf\u00f6rande f\u00f6r region syd<\/p><ul><li>Baraa Hudji (SMFR Kristianstad),<\/li><li>Yomna Alshabi (SMFR \u00c5storp),<\/li><li>Nour Khafaja (SMFR H\u00f6gan\u00e4s),<\/li><li>Dania El sakka (SMFR Helsingborg)<\/li><li>Mohammed El habet (SMFR Malm\u00f6)<\/li><li>Fardous El Sakka<\/li><\/ul><\/div><\/div><\/div><\/div><hr \/><h3>SMFR Region Syd<\/h3><div><div><div><h3>2020 (Under uppbyggnad)<\/h3><div><p>Mohammed Bakr och Inam Sadeke valdes till regionordf\u00f6rande f\u00f6r region syd<\/p><ul><li>Baraa Hudji (SMFR Kristianstad),<\/li><li>Yomna Alshabi (SMFR \u00c5storp),<\/li><li>Nour Khafaja (SMFR H\u00f6gan\u00e4s),<\/li><li>Dania El sakka (SMFR Helsingborg)<\/li><li>Mohammed El habet (SMFR Malm\u00f6)<\/li><li>Fardous El Sakka<\/li><\/ul><hr \/><\/div><\/div><\/div><\/div><h3>SMFR Region Syd<\/h3><div><div><div><h3>2019<\/h3><div><p>Mohammed Bakr och Inam Sadeke valdes till regionordf\u00f6rande f\u00f6r region syd<\/p><ul><li>Baraa Hudji (SMFR Kristianstad),<\/li><li>Yomna Alshabi (SMFR \u00c5storp),<\/li><li>Nour Khafaja (SMFR H\u00f6gan\u00e4s),<\/li><li>Dania El sakka (SMFR Helsingborg)<\/li><li>Mohammed El habet (SMFR Malm\u00f6)<\/li><li>Fardous El Sakka<\/li><\/ul><\/div><\/div><hr \/><h3>2018<\/h3><div><p>Mohammed Bakr valdes till regionordf\u00f6rande f\u00f6r Region syd<\/p><p>Till styrelsen valdes \u00e4ven:<\/p><ul><li>Inam Sadeke (SMFR Lund),<\/li><li>Yomna Alshehabi (SMFR \u00c5storp),<\/li><li>Nour Khafaja (SMFR H\u00f6gan\u00e4s),<\/li><li>Salam Tiro (SMFR Helsingborg)<\/li><li>Mohammed El habet (SMFR Malm\u00f6)<\/li><\/ul><\/div><\/div><hr \/><h3>2017<\/h3><div><p>Mohammed Bakr El-Challah valdes som regionordf\u00f6rande f\u00f6r SMFR Region Syd.<\/p><\/div><\/div><hr \/><h3>2016<\/h3><div><p>Region Syd best\u00e5r av SMFR Halmstad, SMFR Helsingborg, SMFR Malm\u00f6 och SMFR Lund med\u00a0Mohammed Baker El-Challah som regionordf\u00f6rande.<\/p><\/div><\/div><div><hr \/><h3>2015<\/h3><div><p>Region sydv\u00e4st blir region syd d\u00e5 region V\u00e4st bryter sig ur och blidar en egen region<\/p><\/div><\/div><div><hr \/><h3>2014<\/h3><div><p>SMFR Region Syd var en del av SMFR Region Sydv\u00e4st innan Region V\u00e4st br\u00f6t sig ur.<\/p><\/div><\/div><\/div>\n\t\t\t\t\t\t\t\t\t<div class=\"elementor-tab-title elementor-tab-mobile-title\" aria-selected=\"false\" data-tab=\"4\" role=\"tab\" tabindex=\"-1\" aria-controls=\"elementor-tab-content-1124\" aria-expanded=\"false\">SMFR Region \u00d6sterg\u00f6tland<\/div>\n\t\t\t\t\t<div id=\"elementor-tab-content-1124\" class=\"elementor-tab-content elementor-clearfix\" data-tab=\"4\" role=\"tabpanel\" aria-labelledby=\"elementor-tab-title-1124\" tabindex=\"0\" hidden=\"hidden\"><h3>SMFR Region \u00d6sterg\u00f6tland<\/h3><h3 class=\"section-heading sh-t1 sh-s1\"><span class=\"h-text\">2021 (Under uppbyggnad)<\/span><\/h3><div class=\"bs-text-content\"><p>SMFR Region \u00d6sterg\u00f6tland valde Mohamed Mahmoud till regionordf\u00f6rande med:<\/p><ul><li>Mohammed Hassan<\/li><li>Umar Irfaan (SMFR Motala)<\/li><li>Sara Osman (SMFR J\u00f6nk\u00f6ping)<\/li><li>Muna Ali\u00a0<\/li><li>Ifrah Ismail<\/li><li>Osman Jama (SMFR Norrk\u00f6ping)<\/li><li>Muhibulloh Obidhonyi (SMFR Mj\u00f6lby)<\/li><\/ul><\/div><hr \/><h3>SMFR Region \u00d6sterg\u00f6tland<\/h3><h3 class=\"section-heading sh-t1 sh-s1\"><span class=\"h-text\">2020 (Under uppbyggnad)<\/span><\/h3><div class=\"bs-text-content\"><p>SMFR Region \u00d6sterg\u00f6tland valde Mohamed Mahmoud till regionordf\u00f6rande med:<\/p><ul><li>Mohammed Hassan<\/li><li>Umar Irfaan (SMFR Motala)<\/li><li>Sara Osman (SMFR J\u00f6nk\u00f6ping)<\/li><li>Muna Ali\u00a0<\/li><li>Ifrah Ismail<\/li><li>Osman Jama (SMFR Norrk\u00f6ping)<\/li><li>Muhibulloh Obidhonyi (SMFR Mj\u00f6lby)<\/li><\/ul><\/div><hr \/><h3>SMFR Region \u00d6sterg\u00f6tland<\/h3><h3 class=\"section-heading sh-t1 sh-s1\"><span class=\"h-text\">2019<\/span><\/h3><div class=\"bs-text-content\"><p>SMFR Region \u00d6sterg\u00f6tland valde Mohamed Mahmoud till regionordf\u00f6rande med:<\/p><ul><li>Mohammed Hassan<\/li><li>Umar Irfaan (SMFR Motala)<\/li><li>Siri Strotz (SMFR Link\u00f6ping)<\/li><li>Sara Osman (SMFR J\u00f6nk\u00f6ping)<\/li><li>Muna Ali\u00a0<\/li><li>Ifrah Ismail<\/li><li>Osman Jama (SMFR Norrk\u00f6ping)<\/li><li>Muhibulloh Obidhonyi (SMFR Mj\u00f6lby)<\/li><\/ul><\/div><hr \/><h3>SMFR Region \u00d6sterg\u00f6tland<\/h3><h3 class=\"section-heading sh-t1 sh-s1\"><span class=\"h-text\">2018<\/span><\/h3><div class=\"bs-text-content\"><p>Den 17 februari 2018 var region \u00d6sterg\u00f6tland d\u00e4r Albin Jonsson valdes till regionordf\u00f6rande med:<\/p><ul><li>\u00a0Dahir Abdillahi Ahmed (SMFR Mj\u00f6lby)<\/li><li><span data-sheets-value=\"{\" data-sheets-userformat=\"{\">\u00a0Ali Bourouine (SMFR Motala)<\/span><\/li><li><span data-sheets-value=\"{\" data-sheets-userformat=\"{\">\u00a0Ruvejda Hrustanovic (SMFR Norrk\u00f6ping)<\/span><\/li><li>\u00a0Riham Hassen (<span data-sheets-value=\"{\" data-sheets-userformat=\"{\">SMFR J\u00f6nk\u00f6ping<\/span>)<\/li><li>\u00a0Mohamed Mohamud (<span data-sheets-value=\"{\" data-sheets-userformat=\"{\">SMFR Link\u00f6ping<\/span>)<\/li><li><span data-sheets-value=\"{\" data-sheets-userformat=\"{\">Fardous El-Sakka<\/span><\/li><li><span data-sheets-value=\"{\" data-sheets-userformat=\"{\">\u00a0Ismail Sheikh Al Mukthar<\/span><\/li><\/ul><\/div><\/div>\n\t\t\t\t\t\t\t\t\t<div class=\"elementor-tab-title elementor-tab-mobile-title\" aria-selected=\"false\" data-tab=\"5\" role=\"tab\" tabindex=\"-1\" aria-controls=\"elementor-tab-content-1125\" aria-expanded=\"false\">SMFR Region S\u00f6dermanland<\/div>\n\t\t\t\t\t<div id=\"elementor-tab-content-1125\" class=\"elementor-tab-content elementor-clearfix\" data-tab=\"5\" role=\"tabpanel\" aria-labelledby=\"elementor-tab-title-1125\" tabindex=\"0\" hidden=\"hidden\"><h3>SMFR Region S\u00f6dermanland<\/h3><h3>2020 (under uppbyggnad)<\/h3><div><p>SMFR Region S\u00f6dermanland valdes Albin Jonsson till regionordf\u00f6rande med:<\/p><ul><li>Elham Berhe (SMFR Eskilstuna)<\/li><li>Hamdi Hussein Hassan (SMFR Flen)<\/li><li>Karima Abdou (SMFR Eskilstuna)<\/li><li>Abdurahman Hussein Hassan (SMFR Flen)<\/li><\/ul><\/div><hr \/><h3>SMFR Region S\u00f6dermanland<\/h3><h3>2019<\/h3><div><p>SMFR Region S\u00f6dermanland valdes Albin Jonsson till regionordf\u00f6rande med:<\/p><ul><li>Elham Berhe (SMFR Eskilstuna)<\/li><li>Hamdi Hussein Hassan (SMFR Flen)<\/li><li>Karima Abdou (SMFR Eskilstuna)<\/li><li>Abdurahman Hussein Hassan (SMFR Flen)<\/li><\/ul><\/div><\/div>\n\t\t\t\t\t\t\t<\/div>\n\t\t<\/div>\n\t\t\t\t\t\t<\/div>\n\t\t\t\t<\/div>\n\t\t\t\t\t<\/div>\n\t\t<\/div>\n\t\t\t\t\t<\/div>\n\t\t<\/section>\n\t\t\t\t<\/div>\n\t\t","protected":false},"excerpt":{"rendered":"<p>2021 SMFR har idag fem regionavdelningar:\u00a0 SMFR Region Stockholm SMFR Region V\u00e4st SMFR Region Syd SMFR Region \u00d6sterg\u00f6tland SMFR Region S\u00f6dermanland Den f\u00f6rsta regionen startades i Stockholm redan 2010 med ambitionen att starta en struktur best\u00e5ende av f\u00f6rbund, regioner och en lokalavdelningar. Regionen var t\u00e4nkt att skapa en plats f\u00f6r att samla ihop d\u00e5varande 3&hellip; <br \/> <a class=\"read-more\" href=\"https:\/\/muslimerforfred.org\/sv\/regionavdelningar\/\">L\u00e4s mer<\/a><\/p>\n","protected":false},"author":1,"featured_media":0,"parent":0,"menu_order":0,"comment_status":"closed","ping_status":"closed","template":"","meta":{"jetpack_post_was_ever_published":false,"footnotes":""},"class_list":["post-15747","page","type-page","status-publish","hentry"],"jetpack_sharing_enabled":true,"jetpack_shortlink":"https:\/\/wp.me\/PaU9CB-45Z","_links":{"self":[{"href":"https:\/\/muslimerforfred.org\/sv\/wp-json\/wp\/v2\/pages\/15747","targetHints":{"allow":["GET"]}}],"collection":[{"href":"https:\/\/muslimerforfred.org\/sv\/wp-json\/wp\/v2\/pages"}],"about":[{"href":"https:\/\/muslimerforfred.org\/sv\/wp-json\/wp\/v2\/types\/page"}],"author":[{"embeddable":true,"href":"https:\/\/muslimerforfred.org\/sv\/wp-json\/wp\/v2\/users\/1"}],"replies":[{"embeddable":true,"href":"https:\/\/muslimerforfred.org\/sv\/wp-json\/wp\/v2\/comments?post=15747"}],"version-history":[{"count":37,"href":"https:\/\/muslimerforfred.org\/sv\/wp-json\/wp\/v2\/pages\/15747\/revisions"}],"predecessor-version":[{"id":19173,"href":"https:\/\/muslimerforfred.org\/sv\/wp-json\/wp\/v2\/pages\/15747\/revisions\/19173"}],"wp:attachment":[{"href":"https:\/\/muslimerforfred.org\/sv\/wp-json\/wp\/v2\/media?parent=15747"}],"curies":[{"name":"wp","href":"https:\/\/api.w.org\/{rel}","templated":true}]}}