{"id":15442,"date":"2013-12-19T10:25:06","date_gmt":"2013-12-19T10:25:06","guid":{"rendered":"http:\/\/muslimerforfred.org\/sv\/styrdokument\/"},"modified":"2023-02-01T21:16:03","modified_gmt":"2023-02-01T20:16:03","slug":"styrdokument","status":"publish","type":"page","link":"https:\/\/muslimerforfred.org\/sv\/styrdokument\/","title":{"rendered":"Styrdokument"},"content":{"rendered":"\t\t<div data-elementor-type=\"wp-post\" data-elementor-id=\"15442\" class=\"elementor elementor-15442\" data-elementor-post-type=\"page\">\n\t\t\t\t\t\t<section class=\"elementor-section elementor-top-section elementor-element elementor-element-7aa0b199 elementor-section-boxed elementor-section-height-default elementor-section-height-default\" data-id=\"7aa0b199\" data-element_type=\"section\" data-e-type=\"section\">\n\t\t\t\t\t\t<div class=\"elementor-container elementor-column-gap-default\">\n\t\t\t\t\t<div class=\"elementor-column elementor-col-100 elementor-top-column elementor-element elementor-element-330442a4\" data-id=\"330442a4\" data-element_type=\"column\" data-e-type=\"column\">\n\t\t\t<div class=\"elementor-widget-wrap elementor-element-populated\">\n\t\t\t\t\t\t<div class=\"elementor-element elementor-element-da4987f elementor-widget elementor-widget-text-editor\" data-id=\"da4987f\" data-element_type=\"widget\" data-e-type=\"widget\" data-widget_type=\"text-editor.default\">\n\t\t\t\t<div class=\"elementor-widget-container\">\n\t\t\t\t\t\t\t\t\t<h3><span style=\"color: #000000;\">Styrdokument<br \/><\/span><\/h3><div><span style=\"color: #000000;\">Dokumenten finns att ladda ner l\u00e4ngst ner p\u00e5 sidan.<\/span><\/div><div><span style=\"font-family: 'Playfair Display', Georgia, serif; font-size: 1.2rem; font-weight: 600; letter-spacing: 0.0625rem;\">Visionsprogrammet<\/span><\/div><p><span style=\"color: #000000;\">Muslimska Freds visionsprogram \u00e4r det m\u00e5ldokument som styr Muslimska Fredsr\u00f6relsens verksamhetsomr\u00e5den och reglerar de m\u00e5l som Muslimska Freds ska uppn\u00e5 p\u00e5 en 4-\u00e5rs period i enlighet med m\u00e5let att uppn\u00e5 v\u00e5r 40 \u00e5rs plan som sattes 2010. Just nu arbetar organisationen utifr\u00e5n visionsprogrammet som omfattar \u00e5r 2020-2023.<\/span><\/p><h4><span style=\"color: #000000;\">Politiska Programmet<\/span><\/h4><p><span style=\"color: #000000;\">Politiska programmet fastst\u00e4ller hur organisationen f\u00f6rh\u00e5ller sig och tycker i olika fr\u00e5gor. Det \u00e4r SMFR-programmet som v\u00e5ra f\u00f6retr\u00e4dare ska ha som grund n\u00e4r de \u00e4r ute och representerar organisationen.<\/span><\/p><h4><span style=\"color: #000000;\">Fredsteologiska dokumentet<\/span><\/h4><p><span style=\"color: #000000;\">Fredsteologiska dokumentet fastst\u00e4ller organisationen religi\u00f6sa och etiska grund. Dokumentet fungerar \u00e4ven som ett studiecirkelmaterial som anv\u00e4nds av organisationens certifierade utbildare. Detta dokument kommer kvalitetss\u00e4kras av religi\u00f6sa r\u00e5det under 2019.<\/span><\/p><h4 style=\"line-height: 23.04px;\">Stadgarna<\/h4><p>Stadgarna \u00e4r ett dokument med paragrafer och regler som ber\u00f6r hur organisationen drivs och styrs. Detta dokument finns att tillg\u00e5 f\u00f6r dig som \u00e4r medlem, ta kontakt med kansliet f\u00f6r mer information.<\/p><h4 style=\"line-height: 23.04px;\">Utbildningsdirektivet<\/h4><p>Utbildningsdirektivet \u00e4r det beslutade dokument som f\u00f6rbundet arbetar utifr\u00e5n f\u00f6r att utveckla organisationens utbildningar. Detta dokument finns att tillg\u00e5 f\u00f6r dig som \u00e4r medlem, ta kontakt med kansliet f\u00f6r mer information.<\/p><h4 style=\"line-height: 23.04px;\">SMFR-presentationen<\/h4><p style=\"margin-bottom: 16px;\">SMFR presentationen \u00e4r en mall f\u00f6r hur SMFR kan presenteras som brukar anv\u00e4ndas vid inspirationsdagar och event d\u00e4r SMFR introduceras.<\/p>\t\t\t\t\t\t\t\t<\/div>\n\t\t\t\t<\/div>\n\t\t\t\t\t<\/div>\n\t\t<\/div>\n\t\t\t\t\t<\/div>\n\t\t<\/section>\n\t\t\t\t<section class=\"elementor-section elementor-top-section elementor-element elementor-element-da76bb5 elementor-section-content-middle elementor-section-boxed elementor-section-height-default elementor-section-height-default\" data-id=\"da76bb5\" data-element_type=\"section\" data-e-type=\"section\">\n\t\t\t\t\t\t<div class=\"elementor-container elementor-column-gap-default\">\n\t\t\t\t\t<div class=\"elementor-column elementor-col-33 elementor-top-column elementor-element elementor-element-fc8a2d6\" data-id=\"fc8a2d6\" data-element_type=\"column\" data-e-type=\"column\">\n\t\t\t<div class=\"elementor-widget-wrap elementor-element-populated\">\n\t\t\t\t\t\t<div class=\"elementor-element elementor-element-37c98cd elementor-widget elementor-widget-text-editor\" data-id=\"37c98cd\" data-element_type=\"widget\" data-e-type=\"widget\" data-widget_type=\"text-editor.default\">\n\t\t\t\t<div class=\"elementor-widget-container\">\n\t\t\t\t\t\t\t\t\t<p style=\"text-align: center;\">SMFR-Programmet<\/p>\t\t\t\t\t\t\t\t<\/div>\n\t\t\t\t<\/div>\n\t\t\t\t<div class=\"elementor-element elementor-element-3718588 elementor-align-center elementor-widget elementor-widget-button\" data-id=\"3718588\" data-element_type=\"widget\" data-e-type=\"widget\" data-widget_type=\"button.default\">\n\t\t\t\t<div class=\"elementor-widget-container\">\n\t\t\t\t\t\t\t\t\t<div class=\"elementor-button-wrapper\">\n\t\t\t\t\t<a class=\"elementor-button elementor-button-link elementor-size-sm\" href=\"https:\/\/muslimerforfred.org\/sv\/wp-content\/uploads\/2022\/09\/Muslimska-Fredsprogrammet-220415-Stammabeslut.pdf\">\n\t\t\t\t\t\t<span class=\"elementor-button-content-wrapper\">\n\t\t\t\t\t\t<span class=\"elementor-button-icon\">\n\t\t\t\t\t\t\t\t\t<i class=\"fa fa-download\" aria-hidden=\"true\"><\/i>\n\t\t\t\t\t\t\t<\/span>\n\t\t\t\t\t\t\t\t\t<span class=\"elementor-button-text\">L\u00e4s<\/span>\n\t\t\t\t\t<\/span>\n\t\t\t\t\t<\/a>\n\t\t\t\t<\/div>\n\t\t\t\t\t\t\t\t<\/div>\n\t\t\t\t<\/div>\n\t\t\t\t\t<\/div>\n\t\t<\/div>\n\t\t\t\t<div class=\"elementor-column elementor-col-33 elementor-top-column elementor-element elementor-element-d42751b\" data-id=\"d42751b\" data-element_type=\"column\" data-e-type=\"column\">\n\t\t\t<div class=\"elementor-widget-wrap elementor-element-populated\">\n\t\t\t\t\t\t<div class=\"elementor-element elementor-element-628c40e elementor-widget elementor-widget-text-editor\" data-id=\"628c40e\" data-element_type=\"widget\" data-e-type=\"widget\" data-widget_type=\"text-editor.default\">\n\t\t\t\t<div class=\"elementor-widget-container\">\n\t\t\t\t\t\t\t\t\t<p style=\"text-align: center;\">Visionsprogrammet<\/p>\t\t\t\t\t\t\t\t<\/div>\n\t\t\t\t<\/div>\n\t\t\t\t<div class=\"elementor-element elementor-element-68289fc elementor-align-center elementor-widget elementor-widget-button\" data-id=\"68289fc\" data-element_type=\"widget\" data-e-type=\"widget\" data-widget_type=\"button.default\">\n\t\t\t\t<div class=\"elementor-widget-container\">\n\t\t\t\t\t\t\t\t\t<div class=\"elementor-button-wrapper\">\n\t\t\t\t\t<a class=\"elementor-button elementor-button-link elementor-size-sm\" href=\"https:\/\/muslimerforfred.org\/sv\/200718-beslutat-visionsprogram\/\">\n\t\t\t\t\t\t<span class=\"elementor-button-content-wrapper\">\n\t\t\t\t\t\t<span class=\"elementor-button-icon\">\n\t\t\t\t\t\t\t\t\t<i class=\"fa fa-download\" aria-hidden=\"true\"><\/i>\n\t\t\t\t\t\t\t<\/span>\n\t\t\t\t\t\t\t\t\t<span class=\"elementor-button-text\">L\u00e4s<\/span>\n\t\t\t\t\t<\/span>\n\t\t\t\t\t<\/a>\n\t\t\t\t<\/div>\n\t\t\t\t\t\t\t\t<\/div>\n\t\t\t\t<\/div>\n\t\t\t\t\t<\/div>\n\t\t<\/div>\n\t\t\t\t<div class=\"elementor-column elementor-col-33 elementor-top-column elementor-element elementor-element-a2307b0\" data-id=\"a2307b0\" data-element_type=\"column\" data-e-type=\"column\">\n\t\t\t<div class=\"elementor-widget-wrap elementor-element-populated\">\n\t\t\t\t\t\t<div class=\"elementor-element elementor-element-153516a elementor-widget elementor-widget-text-editor\" data-id=\"153516a\" data-element_type=\"widget\" data-e-type=\"widget\" data-widget_type=\"text-editor.default\">\n\t\t\t\t<div class=\"elementor-widget-container\">\n\t\t\t\t\t\t\t\t\t<p style=\"text-align: center;\">Fredsteologiska dokumentet<\/p>\t\t\t\t\t\t\t\t<\/div>\n\t\t\t\t<\/div>\n\t\t\t\t<div class=\"elementor-element elementor-element-60eb3ff elementor-button-danger elementor-align-center elementor-widget elementor-widget-button\" data-id=\"60eb3ff\" data-element_type=\"widget\" data-e-type=\"widget\" data-widget_type=\"button.default\">\n\t\t\t\t<div class=\"elementor-widget-container\">\n\t\t\t\t\t\t\t\t\t<div class=\"elementor-button-wrapper\">\n\t\t\t\t\t<a class=\"elementor-button elementor-button-link elementor-size-sm\" href=\"#\">\n\t\t\t\t\t\t<span class=\"elementor-button-content-wrapper\">\n\t\t\t\t\t\t<span class=\"elementor-button-icon\">\n\t\t\t\t\t\t\t\t\t<i class=\"fa fa-download\" aria-hidden=\"true\"><\/i>\n\t\t\t\t\t\t\t<\/span>\n\t\t\t\t\t\t\t\t\t<span class=\"elementor-button-text\">L\u00e4s<\/span>\n\t\t\t\t\t<\/span>\n\t\t\t\t\t<\/a>\n\t\t\t\t<\/div>\n\t\t\t\t\t\t\t\t<\/div>\n\t\t\t\t<\/div>\n\t\t\t\t\t<\/div>\n\t\t<\/div>\n\t\t\t\t\t<\/div>\n\t\t<\/section>\n\t\t\t\t<section class=\"elementor-section elementor-top-section elementor-element elementor-element-efb31ed elementor-section-boxed elementor-section-height-default elementor-section-height-default\" data-id=\"efb31ed\" data-element_type=\"section\" data-e-type=\"section\">\n\t\t\t\t\t\t<div class=\"elementor-container elementor-column-gap-default\">\n\t\t\t\t\t<div class=\"elementor-column elementor-col-33 elementor-top-column elementor-element elementor-element-acaa8d5\" data-id=\"acaa8d5\" data-element_type=\"column\" data-e-type=\"column\">\n\t\t\t<div class=\"elementor-widget-wrap elementor-element-populated\">\n\t\t\t\t\t\t<div class=\"elementor-element elementor-element-40727ea elementor-widget elementor-widget-text-editor\" data-id=\"40727ea\" data-element_type=\"widget\" data-e-type=\"widget\" data-widget_type=\"text-editor.default\">\n\t\t\t\t<div class=\"elementor-widget-container\">\n\t\t\t\t\t\t\t\t\t<p style=\"text-align: center;\">Stadgarna<\/p>\t\t\t\t\t\t\t\t<\/div>\n\t\t\t\t<\/div>\n\t\t\t\t<div class=\"elementor-element elementor-element-0c8a7a8 elementor-button-danger elementor-align-center elementor-widget elementor-widget-button\" data-id=\"0c8a7a8\" data-element_type=\"widget\" data-e-type=\"widget\" data-widget_type=\"button.default\">\n\t\t\t\t<div class=\"elementor-widget-container\">\n\t\t\t\t\t\t\t\t\t<div class=\"elementor-button-wrapper\">\n\t\t\t\t\t<a class=\"elementor-button elementor-button-link elementor-size-sm\" href=\"#\">\n\t\t\t\t\t\t<span class=\"elementor-button-content-wrapper\">\n\t\t\t\t\t\t<span class=\"elementor-button-icon\">\n\t\t\t\t\t\t\t\t\t<i class=\"fa fa-download\" aria-hidden=\"true\"><\/i>\n\t\t\t\t\t\t\t<\/span>\n\t\t\t\t\t\t\t\t\t<span class=\"elementor-button-text\">L\u00e4s<\/span>\n\t\t\t\t\t<\/span>\n\t\t\t\t\t<\/a>\n\t\t\t\t<\/div>\n\t\t\t\t\t\t\t\t<\/div>\n\t\t\t\t<\/div>\n\t\t\t\t\t<\/div>\n\t\t<\/div>\n\t\t\t\t<div class=\"elementor-column elementor-col-33 elementor-top-column elementor-element elementor-element-7dcb5e6\" data-id=\"7dcb5e6\" data-element_type=\"column\" data-e-type=\"column\">\n\t\t\t<div class=\"elementor-widget-wrap elementor-element-populated\">\n\t\t\t\t\t\t<div class=\"elementor-element elementor-element-04d5335 elementor-widget elementor-widget-text-editor\" data-id=\"04d5335\" data-element_type=\"widget\" data-e-type=\"widget\" data-widget_type=\"text-editor.default\">\n\t\t\t\t<div class=\"elementor-widget-container\">\n\t\t\t\t\t\t\t\t\t<p style=\"text-align: center;\">Uppf\u00f6randekod<\/p>\t\t\t\t\t\t\t\t<\/div>\n\t\t\t\t<\/div>\n\t\t\t\t<div class=\"elementor-element elementor-element-beefbff elementor-align-center elementor-widget elementor-widget-button\" data-id=\"beefbff\" data-element_type=\"widget\" data-e-type=\"widget\" data-widget_type=\"button.default\">\n\t\t\t\t<div class=\"elementor-widget-container\">\n\t\t\t\t\t\t\t\t\t<div class=\"elementor-button-wrapper\">\n\t\t\t\t\t<a class=\"elementor-button elementor-button-link elementor-size-sm\" href=\"https:\/\/muslimerforfred.org\/sv\/wp-content\/uploads\/2021\/03\/Muslimska-fredsrorelsens-uppforandekod-2021.pdf\">\n\t\t\t\t\t\t<span class=\"elementor-button-content-wrapper\">\n\t\t\t\t\t\t<span class=\"elementor-button-icon\">\n\t\t\t\t\t\t\t\t\t<i class=\"fa fa-download\" aria-hidden=\"true\"><\/i>\n\t\t\t\t\t\t\t<\/span>\n\t\t\t\t\t\t\t\t\t<span class=\"elementor-button-text\">L\u00e4s<\/span>\n\t\t\t\t\t<\/span>\n\t\t\t\t\t<\/a>\n\t\t\t\t<\/div>\n\t\t\t\t\t\t\t\t<\/div>\n\t\t\t\t<\/div>\n\t\t\t\t\t<\/div>\n\t\t<\/div>\n\t\t\t\t<div class=\"elementor-column elementor-col-33 elementor-top-column elementor-element elementor-element-f987d85\" data-id=\"f987d85\" data-element_type=\"column\" data-e-type=\"column\">\n\t\t\t<div class=\"elementor-widget-wrap elementor-element-populated\">\n\t\t\t\t\t\t<div class=\"elementor-element elementor-element-4a5c141 elementor-widget elementor-widget-text-editor\" data-id=\"4a5c141\" data-element_type=\"widget\" data-e-type=\"widget\" data-widget_type=\"text-editor.default\">\n\t\t\t\t<div class=\"elementor-widget-container\">\n\t\t\t\t\t\t\t\t\t<p style=\"text-align: center;\">SMFR-Presentationen<\/p>\t\t\t\t\t\t\t\t<\/div>\n\t\t\t\t<\/div>\n\t\t\t\t<div class=\"elementor-element elementor-element-15dff94 elementor-align-center elementor-widget elementor-widget-button\" data-id=\"15dff94\" data-element_type=\"widget\" data-e-type=\"widget\" data-widget_type=\"button.default\">\n\t\t\t\t<div class=\"elementor-widget-container\">\n\t\t\t\t\t\t\t\t\t<div class=\"elementor-button-wrapper\">\n\t\t\t\t\t<a class=\"elementor-button elementor-button-link elementor-size-sm\" href=\"https:\/\/muslimerforfred.org\/sv\/wp-content\/uploads\/2019\/04\/KDD_SMFR_Presentation-2017.pdf\">\n\t\t\t\t\t\t<span class=\"elementor-button-content-wrapper\">\n\t\t\t\t\t\t<span class=\"elementor-button-icon\">\n\t\t\t\t\t\t\t\t\t<i class=\"fa fa-download\" aria-hidden=\"true\"><\/i>\n\t\t\t\t\t\t\t<\/span>\n\t\t\t\t\t\t\t\t\t<span class=\"elementor-button-text\">L\u00e4s<\/span>\n\t\t\t\t\t<\/span>\n\t\t\t\t\t<\/a>\n\t\t\t\t<\/div>\n\t\t\t\t\t\t\t\t<\/div>\n\t\t\t\t<\/div>\n\t\t\t\t\t<\/div>\n\t\t<\/div>\n\t\t\t\t\t<\/div>\n\t\t<\/section>\n\t\t\t\t<\/div>\n\t\t","protected":false},"excerpt":{"rendered":"<p>Styrdokument Dokumenten finns att ladda ner l\u00e4ngst ner p\u00e5 sidan.Visionsprogrammet Muslimska Freds visionsprogram \u00e4r det m\u00e5ldokument som styr Muslimska Fredsr\u00f6relsens verksamhetsomr\u00e5den och reglerar de m\u00e5l som Muslimska Freds ska uppn\u00e5 p\u00e5 en 4-\u00e5rs period i enlighet med m\u00e5let att uppn\u00e5 v\u00e5r 40 \u00e5rs plan som sattes 2010. Just nu arbetar organisationen utifr\u00e5n visionsprogrammet som omfattar&hellip; <br \/> <a class=\"read-more\" href=\"https:\/\/muslimerforfred.org\/sv\/styrdokument\/\">L\u00e4s mer<\/a><\/p>\n","protected":false},"author":1,"featured_media":0,"parent":0,"menu_order":0,"comment_status":"closed","ping_status":"closed","template":"","meta":{"jetpack_post_was_ever_published":false,"footnotes":""},"class_list":["post-15442","page","type-page","status-publish","hentry"],"jetpack_sharing_enabled":true,"jetpack_shortlink":"https:\/\/wp.me\/PaU9CB-414","_links":{"self":[{"href":"https:\/\/muslimerforfred.org\/sv\/wp-json\/wp\/v2\/pages\/15442","targetHints":{"allow":["GET"]}}],"collection":[{"href":"https:\/\/muslimerforfred.org\/sv\/wp-json\/wp\/v2\/pages"}],"about":[{"href":"https:\/\/muslimerforfred.org\/sv\/wp-json\/wp\/v2\/types\/page"}],"author":[{"embeddable":true,"href":"https:\/\/muslimerforfred.org\/sv\/wp-json\/wp\/v2\/users\/1"}],"replies":[{"embeddable":true,"href":"https:\/\/muslimerforfred.org\/sv\/wp-json\/wp\/v2\/comments?post=15442"}],"version-history":[{"count":34,"href":"https:\/\/muslimerforfred.org\/sv\/wp-json\/wp\/v2\/pages\/15442\/revisions"}],"predecessor-version":[{"id":19923,"href":"https:\/\/muslimerforfred.org\/sv\/wp-json\/wp\/v2\/pages\/15442\/revisions\/19923"}],"wp:attachment":[{"href":"https:\/\/muslimerforfred.org\/sv\/wp-json\/wp\/v2\/media?parent=15442"}],"curies":[{"name":"wp","href":"https:\/\/api.w.org\/{rel}","templated":true}]}}