{"id":1182,"date":"2014-02-20T01:24:50","date_gmt":"2014-02-20T01:24:50","guid":{"rendered":"http:\/\/muslimerforfred.org\/sv\/press-och-media\/"},"modified":"2019-04-09T13:54:04","modified_gmt":"2019-04-09T12:54:04","slug":"presskontakt","status":"publish","type":"page","link":"https:\/\/muslimerforfred.org\/sv\/kontakta-oss\/presskontakt\/","title":{"rendered":"Press och media"},"content":{"rendered":"<div  data-label=\"Contact\" data-id=\"contact--1\" data-export-id=\"contact-3\" data-category=\"contact\" class=\"contact-3 content-section content-section-spacing\" id=\"contact-1\" style=\"background-color: rgb(255, 255, 255); background-size: cover; background-position: center top; background-image: url(&quot;http:\/\/muslimerforfred.org\/sv\/wp-content\/uploads\/2019\/03\/Dalslandsgatan.jpg&quot;);\" data-section-ov=\"1\"><div  class=\"gridContainer\"> <div  class=\"row\"><div  class=\"col-xs-12 col-sm-6 col-sm-offset-6 col-md-5 col-md-offset-7 text-center\"> <div  data-type=\"column\" class=\"card large-padding\"><h2  class=\"font-300\">Yasri Khan<\/h2> <h4  class=\"font-300\">Presstalesperson<\/h4> <p  class=\"\">F\u00f6r officiella uttalanden fr\u00e5n SMFR eller f\u00f6rfr\u00e5gningar f\u00f6r mediaframtr\u00e4danden ta kontakt via:<\/p> <p  class=\"\">Mobil: +46-0735 13 19 24<\/p> <p  class=\"\">E-post: yasri.khan@muslimerforfred.org<\/p> <a  href=\"http:\/\/muslimerforfred.org\/sv\/kontakta-oss\" class=\"button color3 round\" target=\"_self\" data-cp-link=\"1\" data-icon=\"\" rel=\"noopener noreferrer\">Kontaktformul\u00e4r<\/a><\/div> <\/div><\/div> <\/div><\/div>","protected":false},"excerpt":{"rendered":"<p>Yasri Khan Presstalesperson F\u00f6r officiella uttalanden fr\u00e5n SMFR eller f\u00f6rfr\u00e5gningar f\u00f6r mediaframtr\u00e4danden ta kontakt via: Mobil: +46-0735 13 19 24 E-post: yasri.khan@muslimerforfred.org Kontaktformul\u00e4r<\/p>\n","protected":false},"author":1,"featured_media":0,"parent":78,"menu_order":0,"comment_status":"open","ping_status":"open","template":"pro\/page-templates\/full-width-page.php","meta":{"jetpack_post_was_ever_published":false,"footnotes":""},"class_list":["post-1182","page","type-page","status-publish","hentry"],"jetpack_sharing_enabled":true,"jetpack_shortlink":"https:\/\/wp.me\/PaU9CB-j4","_links":{"self":[{"href":"https:\/\/muslimerforfred.org\/sv\/wp-json\/wp\/v2\/pages\/1182","targetHints":{"allow":["GET"]}}],"collection":[{"href":"https:\/\/muslimerforfred.org\/sv\/wp-json\/wp\/v2\/pages"}],"about":[{"href":"https:\/\/muslimerforfred.org\/sv\/wp-json\/wp\/v2\/types\/page"}],"author":[{"embeddable":true,"href":"https:\/\/muslimerforfred.org\/sv\/wp-json\/wp\/v2\/users\/1"}],"replies":[{"embeddable":true,"href":"https:\/\/muslimerforfred.org\/sv\/wp-json\/wp\/v2\/comments?post=1182"}],"version-history":[{"count":9,"href":"https:\/\/muslimerforfred.org\/sv\/wp-json\/wp\/v2\/pages\/1182\/revisions"}],"predecessor-version":[{"id":16065,"href":"https:\/\/muslimerforfred.org\/sv\/wp-json\/wp\/v2\/pages\/1182\/revisions\/16065"}],"up":[{"embeddable":true,"href":"https:\/\/muslimerforfred.org\/sv\/wp-json\/wp\/v2\/pages\/78"}],"wp:attachment":[{"href":"https:\/\/muslimerforfred.org\/sv\/wp-json\/wp\/v2\/media?parent=1182"}],"curies":[{"name":"wp","href":"https:\/\/api.w.org\/{rel}","templated":true}]}}